{"id":899,"date":"2025-11-12T18:07:40","date_gmt":"2025-11-12T17:07:40","guid":{"rendered":"https:\/\/lupfer.web-emotions.com\/?page_id=899"},"modified":"2025-11-12T18:07:40","modified_gmt":"2025-11-12T17:07:40","slug":"datenschutz","status":"publish","type":"page","link":"https:\/\/lupfer.web-emotions.com\/?page_id=899","title":{"rendered":"Datenschutz"},"content":{"rendered":"\n<h1 class=\"wp-block-heading\">DATENSCHUTZERKL\u00c4RUNG<\/h1>\n\n\n\n<h1 class=\"wp-block-heading\">Geltungsbereich<\/h1>\n\n\n\n<p>Diese Datenschutzerkl\u00e4rung kl\u00e4rt Nutzer \u00fcber die Art, den Umfang und Zwecke der Erhebung und Verwendung personenbezogener Daten durch den verantwortlichen Anbieter<\/p>\n\n\n\n<p><strong><em>Lober &amp; Scheufler GmbH<\/em><\/strong><\/p>\n\n\n\n<p><em>Vertreten durch den Gesch\u00e4ftsf\u00fchrer Ralf Scheufler<\/em><\/p>\n\n\n\n<p><em>An der Lehmgrube 8<\/em><\/p>\n\n\n\n<p><em>74613 \u00d6hringen<\/em><\/p>\n\n\n\n<p><em>Tel.: +49 (0) 7941 61122<\/em><\/p>\n\n\n\n<p><em>Fax: +49 (0) 7941 34289<\/em><\/p>\n\n\n\n<p><em>E-Mail:&nbsp;<a href=\"mailto:info@lober-scheufler.de\">info@lober-scheufler.de<\/a><\/em><\/p>\n\n\n\n<p>auf dieser Website auf.<\/p>\n\n\n\n<h1 class=\"wp-block-heading\">Allgemeine Hinweise<\/h1>\n\n\n\n<p>Die Betreiber dieser Seiten nehmen den Schutz Ihrer pers\u00f6nlichen Daten sehr ernst. Wir behandeln Ihre personenbezogenen Daten vertraulich und entsprechend der gesetzlichen Datenschutzvorschriften sowie dieser Datenschutzerkl\u00e4rung. Dennoch weisen wir darauf hin, dass die Daten\u00fcbertragung im Internet Sicherheitsl\u00fccken aufweisen kann. Ein l\u00fcckenloser Schutz der Daten vor dem Zugriff durch Dritte ist nicht m\u00f6glich. Wenn Sie diese Website benutzen, werden verschiedene personenbezogene Daten erhoben, also Daten, mit denen Sie pers\u00f6nlich identifiziert werden k\u00f6nnen. Die vorliegende Datenschutzerkl\u00e4rung erl\u00e4utert, welche Daten wir erheben und wof\u00fcr wir sie nutzen. Sie erl\u00e4utert auch, wie und zu welchem Zweck das geschieht.<\/p>\n\n\n\n<h1 class=\"wp-block-heading\">Datenerfassung<\/h1>\n\n\n\n<p>Bei Ihrer Kontaktaufnahme mit uns per E-Mail oder \u00fcber ein Kontaktformular werden die von Ihnen mitgeteilten Daten (Ihre E-Mail-Adresse, ggf. Ihr Name und Ihre Telefonnummer) von uns gespeichert, um Ihre Fragen zu beantworten. Die in diesem Zusammenhang anfallenden Daten l\u00f6schen wir, nachdem die Speicherung nicht mehr erforderlich ist, oder schr\u00e4nken die Verarbeitung ein, falls gesetzliche Aufbewahrungspflichten bestehen.<\/p>\n\n\n\n<p>Bei der blo\u00df informatorischen Nutzung der Website, also wenn Sie sich nicht registrieren oder uns anderweitig Informationen \u00fcbermitteln, erheben wir nur die personenbezogenen Daten, die Ihr Browser an unseren Server \u00fcbermittelt. Wenn Sie unsere Seite betrachten m\u00f6chten, erheben wir die folgenden Daten, die f\u00fcr uns technisch erforderlich sind, um Ihnen unsere Website anzuzeigen und die Stabilit\u00e4t und Sicherheit zu gew\u00e4hrleisten (Log-Dateien). Rechtsgrundlage ist Art. 6 Abs. 1 S. 1 lit. f DSGVO:<\/p>\n\n\n\n<ul class=\"wp-block-list\">\n<li>IP-Adresse<\/li>\n\n\n\n<li>Datum und Uhrzeit der Anfrage<\/li>\n\n\n\n<li>Zeitzonendifferenz zur Greenwich Mean Time (GMT)<\/li>\n\n\n\n<li>Inhalt der Anforderung (konkrete Seite)<\/li>\n\n\n\n<li>Zugriffsstatus\/http-Statuscode<\/li>\n\n\n\n<li>Jeweils \u00fcbertragene Datenmenge<\/li>\n\n\n\n<li>Website, von der die Anforderung kommt<\/li>\n\n\n\n<li>Browser<\/li>\n\n\n\n<li>Betriebssystem und dessen Oberfl\u00e4che<\/li>\n\n\n\n<li>Sprache und Version der Browsersoftware<\/li>\n<\/ul>\n\n\n\n<h1 class=\"wp-block-heading\">Ihre Rechte bez\u00fcglich Ihrer Daten<\/h1>\n\n\n\n<h2 class=\"wp-block-heading\">Auskunft, Berichtigung, Einschr\u00e4nkung, L\u00f6schung, Daten\u00fcbertragbarkeit<\/h2>\n\n\n\n<p>Sie haben im Rahmen der geltenden gesetzlichen Bestimmungen jederzeit das Recht auf unentgeltliche Auskunft \u00fcber Ihre gespeicherten personenbezogenen Daten, deren Herkunft und Empf\u00e4nger und den Zweck der Datenverarbeitung und ggf. ein Recht auf Berichtigung, Einschr\u00e4nkung oder L\u00f6schung dieser Daten. Sie haben ferner das Recht, Daten, die wir auf Grundlage Ihrer Einwilligung oder in Erf\u00fcllung eines Vertrags automatisiert verarbeiten, an sich oder an einen Dritten in einem g\u00e4ngigen, maschinenlesbaren Format aush\u00e4ndigen zu lassen. Sofern Sie die direkte \u00dcbertragung der Daten an einen anderen Verantwortlichen verlangen, erfolgt dies nur, soweit es technisch machbar ist. Bei Fragen zu Ihren Rechten sowie zu weiteren Fragen zum Thema personenbezogene Daten k\u00f6nnen Sie sich jederzeit an uns wenden.<\/p>\n\n\n\n<h2 class=\"wp-block-heading\">Beschwerderecht<\/h2>\n\n\n\n<p>Sie haben das Recht auf Beschwerde bei einer Aufsichtsbeh\u00f6rde. Aufsichtsbeh\u00f6rde ist zum Beispiel der Landesdatenschutzbeauftragte des Bundeslandes, in dem unser Unternehmen seinen Sitz hat, mithin der Landesbeauftragte f\u00fcr Datenschutz und Informationsfreiheit Baden-W\u00fcrttemberg. Weitere Informationen sowie die Kontaktdaten k\u00f6nnen Sie folgendem Link entnehmen:<\/p>\n\n\n\n<figure class=\"wp-block-embed\"><div class=\"wp-block-embed__wrapper\">\nhttps:\/\/www.baden-wuerttemberg.datenschutz.de\n<\/div><\/figure>\n\n\n\n<h2 class=\"wp-block-heading\">Widerruf Ihrer Einwilligung<\/h2>\n\n\n\n<p>Sie k\u00f6nnen eine bereits erteilte Einwilligung jederzeit widerrufen, z. B. per E-Mail. Die Rechtm\u00e4\u00dfigkeit der bis zum Widerruf erfolgten Datenverarbeitung bleibt vom Widerruf unber\u00fchrt.<\/p>\n\n\n\n<h1 class=\"wp-block-heading\">SSL-\/TLS-Verschl\u00fcsselung<\/h1>\n\n\n\n<p>Um die Vertraulichkeit der Kommunikation mit Ihnen zu gew\u00e4hrleisten, setzen wir eine sogenannte SSL-\/TLS-Verschl\u00fcsselung nach aktuellem Stand der Technik ein. Sie erkennen derart verschl\u00fcsselte Verbindungen an der Bezeichnung \u201chttps:\/\/\u201c im Seitenlink in der Adresszeile Ihres Browsers, sowie an dem gr\u00fcnen Schloss-Symbol in der Adresszeile. Unverschl\u00fcsselte Seiten sind durch \u201ehttp:\/\/\u201c gekennzeichnet. Daten, welche Sie an diese Website beispielsweise bei Bestellungen oder Anfragen \u00fcbermitteln, k\u00f6nnen dank SSL-Verschl\u00fcsselung nicht von Dritten gelesen werden.<\/p>\n\n\n\n<h1 class=\"wp-block-heading\">Datenerfassung auf der Website<\/h1>\n\n\n\n<h2 class=\"wp-block-heading\">Cookies<\/h2>\n\n\n\n<ol class=\"wp-block-list\">\n<li>a) Wenn Nutzer das Angebot aufrufen, werden ein oder mehrere Cookies auf seinem Rechner gespeichert. Ein Cookie ist eine kleine Datei, die eine bestimmte Zeichenfolge enth\u00e4lt und Ihren Browser eindeutig identifiziert. Mit Hilfe von Cookies verbessert der Anbieter den Komfort und die Qualit\u00e4t seines Services, indem zum Beispiel Nutzereinstellungen gespeichert werden. Cookies richten auf dem Rechner der Nutzer keinen Schaden an und enthalten keine Viren. Eine Nutzung des Angebotes ist auch ohne Cookies m\u00f6glich. Nutzer k\u00f6nnen in Ihrem Browser das Speichern von Cookies deaktivieren, auf bestimmte Websites beschr\u00e4nken oder Ihren Browser so einstellen, dass er sie benachrichtigt, bevor ein Cookie gespeichert wird. Sie k\u00f6nnen die Cookies \u00fcber die Datenschutzfunktionen ihres Browsers jederzeit von der Festplatte ihres Rechners l\u00f6schen. In diesem Fall, k\u00f6nnten die Funktionen und die Benutzerfreundlichkeit des Angebots eingeschr\u00e4nkt werden.<\/li>\n\n\n\n<li>b) Diese Website nutzt folgende Arten von Cookies, deren Umfang und Funktionsweise im Folgenden erl\u00e4utert werden:<\/li>\n<\/ol>\n\n\n\n<ul class=\"wp-block-list\">\n<li>Transiente Cookies (dazu c)<\/li>\n\n\n\n<li>Persistente Cookies (dazu d)<\/li>\n<\/ul>\n\n\n\n<ol class=\"wp-block-list\">\n<li>c) Transiente Cookies werden automatisiert gel\u00f6scht, wenn Sie den Browser schlie\u00dfen. Dazu z\u00e4hlen insbesondere Session-Cookies. Diese speichern eine sogenannte Session-ID, mit welcher sich verschiedene Anfragen Ihres Browsers der gemeinsamen Sitzung zuordnen lassen. Dadurch kann Ihr Rechner wiedererkannt werden, wenn Sie auf unsere Website zur\u00fcckkehren. Die Session-Cookies werden gel\u00f6scht, wenn Sie sich ausloggen oder den Browser schlie\u00dfen.<\/li>\n\n\n\n<li>d) Persistente Cookies werden automatisiert nach einer vorgegebenen Dauer gel\u00f6scht, die sich je nach Cookie unterscheiden kann. Sie k\u00f6nnen die Cookies in den Sicherheitseinstellungen Ihres Browsers jederzeit l\u00f6schen.<\/li>\n\n\n\n<li>e) Sie k\u00f6nnen Ihre Browser-Einstellung entsprechend Ihren W\u00fcnschen konfigurieren und z. B. die Annahme von Third-Party-Cookies oder allen Cookies ablehnen. Wir weisen Sie darauf hin, dass Sie eventuell nicht alle Funktionen dieser Website nutzen k\u00f6nnen.<\/li>\n<\/ol>\n\n\n\n<h1 class=\"wp-block-heading\">Plugins oder Tools f\u00fcr Statistik- oder Werbezwecke<\/h1>\n\n\n\n<h2 class=\"wp-block-heading\">Google Analytics<\/h2>\n\n\n\n<p>Unsere Website nutzt Funktionen des Webanalysedienstes Google Analytics (Google Inc., 1600 Amphitheatre Parkway, Mountain View, CA 94043, USA). Google Analytics verwendet Cookies. Die durch den Cookie erzeugten Informationen \u00fcber Ihre Benutzung dieser Website werden in der Regel an einen Server von Google in den USA \u00fcbertragen und dort gespeichert. Aufgrund unseres berechtigten Interesses an der Analyse des Nutzerverhaltens, um sowohl das Webangebot als auch die Werbung zu optimieren, erfolgt die Verarbeitung der personenbezogenen Daten auf Grundlage von Art. 6 Abs. 1 lit. f DSGVO. Durch eine entsprechende Einstellung Ihrer Browser-Software k\u00f6nnen Sie die Speicherung der Cookies verhindern; ggf. k\u00f6nnen Sie in diesem Fall aber nicht s\u00e4mtliche Funktionen dieser Website vollumf\u00e4nglich nutzen. Sie k\u00f6nnen dar\u00fcber hinaus die Erfassung der durch den Cookie erzeugten und auf Ihre Nutzung der Website bezogenen Daten (inkl. Ihrer IP-Adresse) an Google sowie die Verarbeitung dieser Daten durch Google durch Herunterladen und Installieren eines Browser-Plugins verhindern. Dieser ist hier verf\u00fcgbar:&nbsp;<a href=\"https:\/\/tools.google.com\/dlpage\/gaoptout?hl=de\">https:\/\/tools.google.com\/dlpage\/gaoptout?hl=de<\/a>.<\/p>\n\n\n\n<p>Die Erfassung Ihrer Daten durch Google Analytics k\u00f6nnen Sie verhindern, indem Sie auf folgenden Link klicken:&nbsp;Google Analytics deaktivieren. Hierbei wird ein Opt-Out-Cookie gesetzt, der die Erfassung Ihrer Daten bei zuk\u00fcnftigen Besuchen dieser Website verhindert. Weitere Informationen zum Umgang mit Nutzerdaten bei Google Analytics finden Sie in der Datenschutzerkl\u00e4rung von Google:&nbsp;<a href=\"https:\/\/support.google.com\/analytics\/answer\/6004245?hl=de\">https:\/\/support.google.com\/analytics\/answer\/6004245?hl=de<\/a>.<\/p>\n\n\n\n<p>&#8212;&#8212;&#8212;&#8212;&#8212;<\/p>\n\n\n\n<p>Wir haben mit Google einen Vertrag zur Auftragsdatenverarbeitung abgeschlossen. Die strengen Vorgaben der deutschen Datenschutzbeh\u00f6rden bei der Nutzung von Google Analytics setzen wir vollst\u00e4ndig um.<\/p>\n\n\n\n<p>&#8212;&#8212;&#8212;&#8212;&#8212;<\/p>\n\n\n\n<p>Durch die Verwendung von Cookies im Rahmen von Google Analytics wird Ihre IP-Adresse erfasst. Auf unserer Website haben wir die Funktion IP-Anonymisierung aktiviert. Die IP-Adressen der Besucher dieser Website werden, sobald es technisch m\u00f6glich ist, vor dem Speichern oder der Analyse gek\u00fcrzt und dadurch anonymisiert. Die Anonymisierung erfolgt innerhalb der Europ\u00e4ischen Union oder innerhalb des Europ\u00e4ischen Wirtschaftsraums. Die volle IP-Adresse wird nur in Ausnahmef\u00e4llen an einen Server von Google in den USA \u00fcbertragen und dort gek\u00fcrzt. Im Falle unseres Auftrags wird Google diese Informationen benutzen, um Ihre Nutzung der Website auszuwerten, um Reports \u00fcber die Websiteaktivit\u00e4ten zusammenzustellen und um weitere mit der Websitenutzung und der Internetnutzung verbundene Dienstleistungen uns gegen\u00fcber zu erbringen. Eine Zusammenf\u00fchrung mit anderen Daten von Google im Rahmen der von Google Analytics von Ihrem Browser \u00fcbermittelte IP-Adresse erfolgt nicht.<\/p>\n\n\n\n<p>&#8212;&#8212;&#8212;&#8212;&#8212;<\/p>\n\n\n\n<p>Unsere Website nutzt die Funktion \u201cdemografische Merkmale\u201d von Google Analytics. Durch diese Funktion k\u00f6nnen Berichte erstellt werden, die Aussagen zu demografischen Merkmalen (Alter, Geschlecht und Interessen) der Seitenbesucher enthalten. Diese Daten stammen aus interessenbezogener Werbung von Google sowie aus Besucherdaten von Drittanbietern. Eine Zuordnung dieser Daten zu einer bestimmten Person ist dadurch nicht m\u00f6glich. Sie k\u00f6nnen diese Funktion jederzeit \u00fcber die Anzeigeneinstellungen in Ihrem Google-Konto deaktivieren oder die Erfassung Ihrer Daten durch Google Analytics generell untersagen (auf folgendem Link:&nbsp;Google Analytics deaktivieren).<\/p>\n","protected":false},"excerpt":{"rendered":"<p>DATENSCHUTZERKL\u00c4RUNG Geltungsbereich Diese Datenschutzerkl\u00e4rung kl\u00e4rt Nutzer \u00fcber die Art, den Umfang und Zwecke der Erhebung und Verwendung personenbezogener Daten durch den verantwortlichen Anbieter Lober &amp; Scheufler GmbH Vertreten durch den Gesch\u00e4ftsf\u00fchrer Ralf Scheufler An der Lehmgrube 8 74613 \u00d6hringen Tel.: +49 (0) 7941 61122 Fax: +49 (0) 7941 34289 E-Mail:&nbsp;info@lober-scheufler.de auf dieser Website auf. Allgemeine [&hellip;]<\/p>\n","protected":false},"author":1,"featured_media":0,"parent":0,"menu_order":0,"comment_status":"closed","ping_status":"closed","template":"","meta":{"footnotes":""},"class_list":["post-899","page","type-page","status-publish","hentry"],"blocksy_meta":[],"_links":{"self":[{"href":"https:\/\/lupfer.web-emotions.com\/index.php?rest_route=\/wp\/v2\/pages\/899","targetHints":{"allow":["GET"]}}],"collection":[{"href":"https:\/\/lupfer.web-emotions.com\/index.php?rest_route=\/wp\/v2\/pages"}],"about":[{"href":"https:\/\/lupfer.web-emotions.com\/index.php?rest_route=\/wp\/v2\/types\/page"}],"author":[{"embeddable":true,"href":"https:\/\/lupfer.web-emotions.com\/index.php?rest_route=\/wp\/v2\/users\/1"}],"replies":[{"embeddable":true,"href":"https:\/\/lupfer.web-emotions.com\/index.php?rest_route=%2Fwp%2Fv2%2Fcomments&post=899"}],"version-history":[{"count":1,"href":"https:\/\/lupfer.web-emotions.com\/index.php?rest_route=\/wp\/v2\/pages\/899\/revisions"}],"predecessor-version":[{"id":900,"href":"https:\/\/lupfer.web-emotions.com\/index.php?rest_route=\/wp\/v2\/pages\/899\/revisions\/900"}],"wp:attachment":[{"href":"https:\/\/lupfer.web-emotions.com\/index.php?rest_route=%2Fwp%2Fv2%2Fmedia&parent=899"}],"curies":[{"name":"wp","href":"https:\/\/api.w.org\/{rel}","templated":true}]}}