{"id":881,"date":"2025-11-12T17:57:50","date_gmt":"2025-11-12T16:57:50","guid":{"rendered":"https:\/\/lupfer.web-emotions.com\/?page_id=881"},"modified":"2025-11-27T08:27:27","modified_gmt":"2025-11-27T07:27:27","slug":"insektenschutz","status":"publish","type":"page","link":"https:\/\/lupfer.web-emotions.com\/?page_id=881","title":{"rendered":"Insektenschutz"},"content":{"rendered":"\t\t<div data-elementor-type=\"wp-page\" data-elementor-id=\"881\" class=\"elementor elementor-881\">\n\t\t\t\t<div class=\"elementor-element elementor-element-6e43803b e-flex e-con-boxed e-con e-parent\" data-id=\"6e43803b\" data-element_type=\"container\">\n\t\t\t\t\t<div class=\"e-con-inner\">\n\t\t\t\t<div class=\"elementor-element elementor-element-7110bc8b elementor-widget elementor-widget-heading\" data-id=\"7110bc8b\" data-element_type=\"widget\" data-widget_type=\"heading.default\">\n\t\t\t\t\t<h2 class=\"elementor-heading-title elementor-size-default\">Insektenschutz von Lober + Scheufler \u2013 Frische Luft ohne ungebetene G\u00e4ste<\/h2>\t\t\t\t<\/div>\n\t\t\t\t\t<\/div>\n\t\t\t\t<\/div>\n\t\t<div class=\"elementor-element elementor-element-7f7ef1ad e-con-full e-flex e-con e-parent\" data-id=\"7f7ef1ad\" data-element_type=\"container\">\n\t\t<div class=\"elementor-element elementor-element-1e92a5fd e-con-full e-flex e-con e-child\" data-id=\"1e92a5fd\" data-element_type=\"container\">\n\t\t\t\t<\/div>\n\t\t<div class=\"elementor-element elementor-element-7ecd3e34 e-con-full e-flex e-con e-child\" data-id=\"7ecd3e34\" data-element_type=\"container\">\n\t\t\t\t<div class=\"elementor-element elementor-element-7e88203 elementor-widget elementor-widget-image\" data-id=\"7e88203\" data-element_type=\"widget\" data-widget_type=\"image.default\">\n\t\t\t\t\t\t\t\t\t\t\t\t\t\t\t<img fetchpriority=\"high\" decoding=\"async\" width=\"430\" height=\"231\" src=\"https:\/\/lupfer.web-emotions.com\/wp-content\/uploads\/2025\/11\/Insektenschutz-Oehringen-1.jpg\" class=\"attachment-full size-full wp-image-943\" alt=\"\" srcset=\"https:\/\/lupfer.web-emotions.com\/wp-content\/uploads\/2025\/11\/Insektenschutz-Oehringen-1.jpg 430w, https:\/\/lupfer.web-emotions.com\/wp-content\/uploads\/2025\/11\/Insektenschutz-Oehringen-1-300x161.jpg 300w\" sizes=\"(max-width: 430px) 100vw, 430px\" \/>\t\t\t\t\t\t\t\t\t\t\t\t\t\t\t<\/div>\n\t\t\t\t<div class=\"elementor-element elementor-element-a1bcb4a elementor-widget elementor-widget-text-editor\" data-id=\"a1bcb4a\" data-element_type=\"widget\" data-widget_type=\"text-editor.default\">\n\t\t\t\t\t\t\t\t\t<div style=\"font-family:'Helvetica Neue', Arial, sans-serif; color:#000000; line-height:1.6; font-size:18px; margin:30px 0;\">\n\n  <p style=\"margin:8px 0;\">\n    <span style=\"color:#28a745; font-weight:bold;\">\u2714\ufe0f<\/span>\n    Ma\u00dfgefertigter Insektenschutz f\u00fcr Fenster und T\u00fcren\n  <\/p>\n\n  <p style=\"margin:8px 0;\">\n    <span style=\"color:#28a745; font-weight:bold;\">\u2714\ufe0f<\/span>\n    \u00dcber 100 Varianten f\u00fcr Holz-, Kunststoff- und Alufenster\n  <\/p>\n\n  <p style=\"margin:8px 0;\">\n    <span style=\"color:#28a745; font-weight:bold;\">\u2714\ufe0f<\/span>\n    Beratung, Planung und Montage in \u00d6hringen und Umgebung\n  <\/p>\n\n<\/div>\n\t\t\t\t\t\t\t\t<\/div>\n\t\t\t\t<\/div>\n\t\t<div class=\"elementor-element elementor-element-19ffecd8 e-con-full e-flex e-con e-child\" data-id=\"19ffecd8\" data-element_type=\"container\">\n\t\t\t\t<\/div>\n\t\t\t\t<\/div>\n\t\t<div class=\"elementor-element elementor-element-5e39122f e-flex e-con-boxed e-con e-parent\" data-id=\"5e39122f\" data-element_type=\"container\">\n\t\t\t\t\t<div class=\"e-con-inner\">\n\t\t\t\t<div class=\"elementor-element elementor-element-542c6d38 elementor-widget elementor-widget-text-editor\" data-id=\"542c6d38\" data-element_type=\"widget\" data-widget_type=\"text-editor.default\">\n\t\t\t\t\t\t\t\t\t<div style=\"font-family: 'Helvetica Neue', Arial, sans-serif; color: #000000; line-height: 1.6; font-size: 18px; margin: 30px 0; text-align: left;\"><h3 style=\"color: #000000; font-size: 24px; margin-bottom: 10px; font-weight: 600;\">Effektiver Schutz \u2013 ohne auf Licht und Luft zu verzichten<\/h3><p style=\"margin-bottom: 15px;\">Mit <strong>Lober + Scheufler<\/strong> aus \u00d6hringen halten Sie l\u00e4stige Insekten zuverl\u00e4ssig fern \u2013<br \/>und genie\u00dfen trotzdem frische Luft und nat\u00fcrliches Tageslicht.<br \/>Unsere <strong>Insektenschutzsysteme<\/strong> werden passgenau angefertigt und f\u00fcgen sich unauff\u00e4llig in jedes Fenster oder jede T\u00fcr ein.<\/p><p style=\"margin-bottom: 0;\">Lassen Sie sich von uns pers\u00f6nlich beraten und finden Sie den Insektenschutz,<br \/>der perfekt zu Ihrem Zuhause passt \u2013 funktional, langlebig und nahezu unsichtbar.<\/p><\/div>\t\t\t\t\t\t\t\t<\/div>\n\t\t\t\t\t<\/div>\n\t\t\t\t<\/div>\n\t\t<div class=\"elementor-element elementor-element-ba54de8 e-flex e-con-boxed e-con e-parent\" data-id=\"ba54de8\" data-element_type=\"container\">\n\t\t\t\t\t<div class=\"e-con-inner\">\n\t\t<div class=\"elementor-element elementor-element-68ed307d e-con-full e-flex e-con e-child\" data-id=\"68ed307d\" data-element_type=\"container\">\n\t\t\t\t<div class=\"elementor-element elementor-element-7cdae423 elementor-widget elementor-widget-spacer\" data-id=\"7cdae423\" data-element_type=\"widget\" data-widget_type=\"spacer.default\">\n\t\t\t\t\t\t\t<div class=\"elementor-spacer\">\n\t\t\t<div class=\"elementor-spacer-inner\"><\/div>\n\t\t<\/div>\n\t\t\t\t\t\t<\/div>\n\t\t\t\t<div class=\"elementor-element elementor-element-5ca080b1 elementor-widget elementor-widget-image\" data-id=\"5ca080b1\" data-element_type=\"widget\" data-widget_type=\"image.default\">\n\t\t\t\t\t\t\t\t\t\t\t\t\t\t\t<img decoding=\"async\" width=\"1024\" height=\"683\" src=\"https:\/\/lupfer.web-emotions.com\/wp-content\/uploads\/2025\/11\/199-1-1024x683.jpg\" class=\"attachment-large size-large wp-image-886\" alt=\"\" srcset=\"https:\/\/lupfer.web-emotions.com\/wp-content\/uploads\/2025\/11\/199-1-1024x683.jpg 1024w, https:\/\/lupfer.web-emotions.com\/wp-content\/uploads\/2025\/11\/199-1-300x200.jpg 300w, https:\/\/lupfer.web-emotions.com\/wp-content\/uploads\/2025\/11\/199-1-768x512.jpg 768w, https:\/\/lupfer.web-emotions.com\/wp-content\/uploads\/2025\/11\/199-1-1536x1024.jpg 1536w, https:\/\/lupfer.web-emotions.com\/wp-content\/uploads\/2025\/11\/199-1-2048x1366.jpg 2048w\" sizes=\"(max-width: 1024px) 100vw, 1024px\" \/>\t\t\t\t\t\t\t\t\t\t\t\t\t\t\t<\/div>\n\t\t\t\t<\/div>\n\t\t<div class=\"elementor-element elementor-element-4bcab14c e-con-full e-flex e-con e-child\" data-id=\"4bcab14c\" data-element_type=\"container\">\n\t\t\t\t<div class=\"elementor-element elementor-element-36561c3d elementor-widget elementor-widget-text-editor\" data-id=\"36561c3d\" data-element_type=\"widget\" data-widget_type=\"text-editor.default\">\n\t\t\t\t\t\t\t\t\t<div style=\"font-family: 'Helvetica Neue', Arial, sans-serif; color: #000000; line-height: 1.6; font-size: 18px; margin: 30px 0; text-align: left;\"><h3 style=\"color: #000000; font-size: 24px; margin-bottom: 10px; font-weight: 600;\">Insektenschutz in \u00d6hringen \u2013 passgenau, langlebig und effektiv<\/h3><p style=\"margin-bottom: 15px;\">Wenn Sie in \u00d6hringen und Umgebung auf der Suche nach einem hochwertigen <strong>Insektenschutz<\/strong> sind,<br \/>ist <strong>Lober + Scheufler<\/strong> Ihr kompetenter Partner.<br \/>Wir bieten individuelle L\u00f6sungen f\u00fcr Fenster, T\u00fcren und Lichtsch\u00e4chte \u2013<br \/>damit M\u00fccken, Fliegen und andere Insekten drau\u00dfen bleiben, wo sie hingeh\u00f6ren.<\/p><p style=\"margin-bottom: 15px;\">Unsere Insektenschutzsysteme \u00fcberzeugen durch Funktionalit\u00e4t, Stabilit\u00e4t und schlichtes Design.<br \/>Sie lassen ausreichend Sonnenlicht ins Haus und beeintr\u00e4chtigen die Wohnqualit\u00e4t nicht.<br \/>W\u00e4hlen Sie aus \u00fcber 100 Varianten, passend f\u00fcr Holz-, Kunststoff- oder Aluminiumfenster.<\/p><p style=\"margin-bottom: 15px;\">Durch unsere pers\u00f6nliche Beratung und pr\u00e4zise Montage garantieren wir Ihnen dauerhaften Schutz und perfekten Sitz.<br \/>Jeder Insektenschutz wird individuell gefertigt \u2013 f\u00fcr eine L\u00f6sung, die zu Ihrem Zuhause und Ihrem Lebensstil passt.<\/p><p style=\"margin-bottom: 0;\">Vertrauen Sie auf die Erfahrung von <strong>Lober + Scheufler<\/strong> \u2013<br \/>Ihrem Fachbetrieb f\u00fcr <strong>Insektenschutz in \u00d6hringen und Umgebung<\/strong>.<br \/>Machen Sie Schluss mit M\u00fcckenstichen und genie\u00dfen Sie unbeschwerte Sommerabende.<\/p><\/div>\t\t\t\t\t\t\t\t<\/div>\n\t\t\t\t<\/div>\n\t\t\t\t\t<\/div>\n\t\t\t\t<\/div>\n\t\t\t\t<\/div>\n\t\t","protected":false},"excerpt":{"rendered":"<p>Insektenschutz von Lober + Scheufler \u2013 Frische Luft ohne ungebetene G\u00e4ste \u2714\ufe0f Ma\u00dfgefertigter Insektenschutz f\u00fcr Fenster und T\u00fcren \u2714\ufe0f \u00dcber 100 Varianten f\u00fcr Holz-, Kunststoff- und Alufenster \u2714\ufe0f Beratung, Planung und Montage in \u00d6hringen und Umgebung Effektiver Schutz \u2013 ohne auf Licht und Luft zu verzichten Mit Lober + Scheufler aus \u00d6hringen halten Sie l\u00e4stige [&hellip;]<\/p>\n","protected":false},"author":1,"featured_media":0,"parent":0,"menu_order":0,"comment_status":"closed","ping_status":"closed","template":"","meta":{"footnotes":""},"class_list":["post-881","page","type-page","status-publish","hentry"],"blocksy_meta":[],"_links":{"self":[{"href":"https:\/\/lupfer.web-emotions.com\/index.php?rest_route=\/wp\/v2\/pages\/881","targetHints":{"allow":["GET"]}}],"collection":[{"href":"https:\/\/lupfer.web-emotions.com\/index.php?rest_route=\/wp\/v2\/pages"}],"about":[{"href":"https:\/\/lupfer.web-emotions.com\/index.php?rest_route=\/wp\/v2\/types\/page"}],"author":[{"embeddable":true,"href":"https:\/\/lupfer.web-emotions.com\/index.php?rest_route=\/wp\/v2\/users\/1"}],"replies":[{"embeddable":true,"href":"https:\/\/lupfer.web-emotions.com\/index.php?rest_route=%2Fwp%2Fv2%2Fcomments&post=881"}],"version-history":[{"count":7,"href":"https:\/\/lupfer.web-emotions.com\/index.php?rest_route=\/wp\/v2\/pages\/881\/revisions"}],"predecessor-version":[{"id":965,"href":"https:\/\/lupfer.web-emotions.com\/index.php?rest_route=\/wp\/v2\/pages\/881\/revisions\/965"}],"wp:attachment":[{"href":"https:\/\/lupfer.web-emotions.com\/index.php?rest_route=%2Fwp%2Fv2%2Fmedia&parent=881"}],"curies":[{"name":"wp","href":"https:\/\/api.w.org\/{rel}","templated":true}]}}