{"id":860,"date":"2025-11-12T17:50:47","date_gmt":"2025-11-12T16:50:47","guid":{"rendered":"https:\/\/lupfer.web-emotions.com\/?page_id=860"},"modified":"2025-11-13T09:34:10","modified_gmt":"2025-11-13T08:34:10","slug":"haustueren","status":"publish","type":"page","link":"https:\/\/lupfer.web-emotions.com\/?page_id=860","title":{"rendered":"Haust\u00fcren"},"content":{"rendered":"\t\t<div data-elementor-type=\"wp-page\" data-elementor-id=\"860\" class=\"elementor elementor-860\">\n\t\t\t\t<div class=\"elementor-element elementor-element-82a0f26 e-flex e-con-boxed e-con e-parent\" data-id=\"82a0f26\" data-element_type=\"container\">\n\t\t\t\t\t<div class=\"e-con-inner\">\n\t\t\t\t<div class=\"elementor-element elementor-element-5489f071 elementor-widget elementor-widget-heading\" data-id=\"5489f071\" data-element_type=\"widget\" data-widget_type=\"heading.default\">\n\t\t\t\t\t<h2 class=\"elementor-heading-title elementor-size-default\">Haust\u00fcren von Lober + Scheufler \u2013 Sicherheit und Stil f\u00fcr Ihr Zuhause<\/h2>\t\t\t\t<\/div>\n\t\t\t\t\t<\/div>\n\t\t\t\t<\/div>\n\t\t<div class=\"elementor-element elementor-element-634bc2e5 e-con-full e-flex e-con e-parent\" data-id=\"634bc2e5\" data-element_type=\"container\">\n\t\t<div class=\"elementor-element elementor-element-2561d7ae e-con-full e-flex e-con e-child\" data-id=\"2561d7ae\" data-element_type=\"container\">\n\t\t\t\t<\/div>\n\t\t<div class=\"elementor-element elementor-element-3fa963ce e-con-full e-flex e-con e-child\" data-id=\"3fa963ce\" data-element_type=\"container\">\n\t\t\t\t<div class=\"elementor-element elementor-element-3abf3e99 elementor-widget elementor-widget-image\" data-id=\"3abf3e99\" data-element_type=\"widget\" data-widget_type=\"image.default\">\n\t\t\t\t\t\t\t\t\t\t\t\t\t\t\t<img fetchpriority=\"high\" decoding=\"async\" width=\"430\" height=\"231\" src=\"https:\/\/lupfer.web-emotions.com\/wp-content\/uploads\/2025\/11\/Haustuere-Oehringen.jpg\" class=\"attachment-full size-full wp-image-769\" alt=\"\" srcset=\"https:\/\/lupfer.web-emotions.com\/wp-content\/uploads\/2025\/11\/Haustuere-Oehringen.jpg 430w, https:\/\/lupfer.web-emotions.com\/wp-content\/uploads\/2025\/11\/Haustuere-Oehringen-300x161.jpg 300w\" sizes=\"(max-width: 430px) 100vw, 430px\" \/>\t\t\t\t\t\t\t\t\t\t\t\t\t\t\t<\/div>\n\t\t\t\t<div class=\"elementor-element elementor-element-5838724e elementor-widget elementor-widget-text-editor\" data-id=\"5838724e\" data-element_type=\"widget\" data-widget_type=\"text-editor.default\">\n\t\t\t\t\t\t\t\t\t<div style=\"font-family:'Helvetica Neue', Arial, sans-serif; color:#000000; line-height:1.6; font-size:18px; margin:30px 0;\">\n\n  <p style=\"margin:8px 0;\">\n    <span style=\"color:#28a745; font-weight:bold;\">\u2714\ufe0f<\/span>\n    Hochwertige Haus- und Wohnungst\u00fcren nach Ma\u00df\n  <\/p>\n\n  <p style=\"margin:8px 0;\">\n    <span style=\"color:#28a745; font-weight:bold;\">\u2714\ufe0f<\/span>\n    Pers\u00f6nliche Beratung, Einbau und Wartung aus einer Hand\n  <\/p>\n\n  <p style=\"margin:8px 0;\">\n    <span style=\"color:#28a745; font-weight:bold;\">\u2714\ufe0f<\/span>\n    Sicherheit, Funktionalit\u00e4t und ansprechendes Design\n  <\/p>\n\n<\/div>\n\t\t\t\t\t\t\t\t<\/div>\n\t\t\t\t<\/div>\n\t\t<div class=\"elementor-element elementor-element-b39486 e-con-full e-flex e-con e-child\" data-id=\"b39486\" data-element_type=\"container\">\n\t\t\t\t<\/div>\n\t\t\t\t<\/div>\n\t\t<div class=\"elementor-element elementor-element-b071b15 e-flex e-con-boxed e-con e-parent\" data-id=\"b071b15\" data-element_type=\"container\">\n\t\t\t\t\t<div class=\"e-con-inner\">\n\t\t\t\t<div class=\"elementor-element elementor-element-44b1d3bc elementor-widget elementor-widget-text-editor\" data-id=\"44b1d3bc\" data-element_type=\"widget\" data-widget_type=\"text-editor.default\">\n\t\t\t\t\t\t\t\t\t<div style=\"font-family: 'Helvetica Neue', Arial, sans-serif; color: #000000; line-height: 1.6; font-size: 18px; margin: 30px 0; text-align: left;\"><h3 style=\"color: #000000; font-size: 24px; margin-bottom: 10px; font-weight: 600;\">Ihr Partner f\u00fcr Haust\u00fcren in \u00d6hringen und Umgebung<\/h3><p style=\"margin-bottom: 15px;\"><strong>Lober + Scheufler<\/strong> ist Ihr Fachbetrieb, wenn es um hochwertige und sichere <strong>Haust\u00fcren<\/strong> geht.<br \/>Von der ersten Beratung bis zur fachgerechten Montage begleiten wir Sie mit Erfahrung und Kompetenz.<br \/>Wir finden gemeinsam die T\u00fcr, die perfekt zu Ihrem Zuhause passt \u2013 funktional, sicher und stilvoll.<\/p><p style=\"margin-bottom: 0;\">Lassen Sie sich unverbindlich beraten und entdecken Sie die vielf\u00e4ltigen Gestaltungsm\u00f6glichkeiten rund um Ihre neue Haust\u00fcr.<\/p><\/div>\t\t\t\t\t\t\t\t<\/div>\n\t\t\t\t\t<\/div>\n\t\t\t\t<\/div>\n\t\t<div class=\"elementor-element elementor-element-2ec6a2e3 e-flex e-con-boxed e-con e-parent\" data-id=\"2ec6a2e3\" data-element_type=\"container\">\n\t\t\t\t\t<div class=\"e-con-inner\">\n\t\t<div class=\"elementor-element elementor-element-5f119651 e-con-full e-flex e-con e-child\" data-id=\"5f119651\" data-element_type=\"container\">\n\t\t\t\t<div class=\"elementor-element elementor-element-4c15f09f elementor-widget elementor-widget-spacer\" data-id=\"4c15f09f\" data-element_type=\"widget\" data-widget_type=\"spacer.default\">\n\t\t\t\t\t\t\t<div class=\"elementor-spacer\">\n\t\t\t<div class=\"elementor-spacer-inner\"><\/div>\n\t\t<\/div>\n\t\t\t\t\t\t<\/div>\n\t\t\t\t<div class=\"elementor-element elementor-element-27734a1c elementor-widget elementor-widget-image\" data-id=\"27734a1c\" data-element_type=\"widget\" data-widget_type=\"image.default\">\n\t\t\t\t\t\t\t\t\t\t\t\t\t\t\t<img decoding=\"async\" width=\"1024\" height=\"485\" src=\"https:\/\/lupfer.web-emotions.com\/wp-content\/uploads\/2025\/11\/Haustuerenloberundscheufler1.jpg\" class=\"attachment-large size-large wp-image-867\" alt=\"\" srcset=\"https:\/\/lupfer.web-emotions.com\/wp-content\/uploads\/2025\/11\/Haustuerenloberundscheufler1.jpg 1024w, https:\/\/lupfer.web-emotions.com\/wp-content\/uploads\/2025\/11\/Haustuerenloberundscheufler1-300x142.jpg 300w, https:\/\/lupfer.web-emotions.com\/wp-content\/uploads\/2025\/11\/Haustuerenloberundscheufler1-768x364.jpg 768w\" sizes=\"(max-width: 1024px) 100vw, 1024px\" \/>\t\t\t\t\t\t\t\t\t\t\t\t\t\t\t<\/div>\n\t\t\t\t<\/div>\n\t\t<div class=\"elementor-element elementor-element-404bb747 e-con-full e-flex e-con e-child\" data-id=\"404bb747\" data-element_type=\"container\">\n\t\t\t\t<div class=\"elementor-element elementor-element-4049c370 elementor-widget elementor-widget-text-editor\" data-id=\"4049c370\" data-element_type=\"widget\" data-widget_type=\"text-editor.default\">\n\t\t\t\t\t\t\t\t\t<div style=\"font-family: 'Helvetica Neue', Arial, sans-serif; color: #000000; line-height: 1.6; font-size: 18px; margin: 30px 0; text-align: left;\"><h3 style=\"color: #000000; font-size: 24px; margin-bottom: 10px; font-weight: 600;\">Haust\u00fcren in \u00d6hringen \u2013 Qualit\u00e4t, Sicherheit und Design<\/h3><p style=\"margin-bottom: 15px;\">Eine Haust\u00fcr ist mehr als nur ein Eingang \u2013 sie ist das Aush\u00e4ngeschild Ihres Hauses und sorgt f\u00fcr Sicherheit, W\u00e4rmed\u00e4mmung und Komfort.<br \/><strong>Lober + Scheufler<\/strong> in \u00d6hringen bietet Ihnen <strong>Haust\u00fcren und Wohnungst\u00fcren<\/strong> in vielen Designs und Materialien \u2013 individuell auf Ihr Zuhause abgestimmt.<\/p><p style=\"margin-bottom: 15px;\">Als erfahrener Fachbetrieb \u00fcbernehmen wir Beratung, Verkauf, fachgerechte Montage und Wartung.<br \/>Dabei achten wir auf h\u00f6chste Qualit\u00e4t, pr\u00e4zise Verarbeitung und optimale Funktionalit\u00e4t.<br \/>Jede T\u00fcr wird so ausgew\u00e4hlt, dass sie sowohl optisch als auch technisch \u00fcberzeugt.<\/p><p style=\"margin-bottom: 15px;\">Mit unserer langj\u00e4hrigen Erfahrung im <strong>T\u00fcrenbau<\/strong> garantieren wir Ihnen langlebige L\u00f6sungen, die Sicherheit und \u00c4sthetik perfekt verbinden.<br \/>Vertrauen Sie auf echte Handwerksqualit\u00e4t \u2013 direkt aus der Region \u00d6hringen.<\/p><p style=\"margin-bottom: 0;\">Kontaktieren Sie uns f\u00fcr eine pers\u00f6nliche Beratung \u2013 <strong>Lober + Scheufler<\/strong> ist Ihr starker Partner f\u00fcr <strong>Haust\u00fcren in \u00d6hringen und Umgebung<\/strong>.<\/p><\/div>\t\t\t\t\t\t\t\t<\/div>\n\t\t\t\t<\/div>\n\t\t\t\t\t<\/div>\n\t\t\t\t<\/div>\n\t\t\t\t<\/div>\n\t\t","protected":false},"excerpt":{"rendered":"<p>Haust\u00fcren von Lober + Scheufler \u2013 Sicherheit und Stil f\u00fcr Ihr Zuhause \u2714\ufe0f Hochwertige Haus- und Wohnungst\u00fcren nach Ma\u00df \u2714\ufe0f Pers\u00f6nliche Beratung, Einbau und Wartung aus einer Hand \u2714\ufe0f Sicherheit, Funktionalit\u00e4t und ansprechendes Design Ihr Partner f\u00fcr Haust\u00fcren in \u00d6hringen und Umgebung Lober + Scheufler ist Ihr Fachbetrieb, wenn es um hochwertige und sichere Haust\u00fcren [&hellip;]<\/p>\n","protected":false},"author":1,"featured_media":0,"parent":0,"menu_order":0,"comment_status":"closed","ping_status":"closed","template":"","meta":{"footnotes":""},"class_list":["post-860","page","type-page","status-publish","hentry"],"blocksy_meta":[],"_links":{"self":[{"href":"https:\/\/lupfer.web-emotions.com\/index.php?rest_route=\/wp\/v2\/pages\/860","targetHints":{"allow":["GET"]}}],"collection":[{"href":"https:\/\/lupfer.web-emotions.com\/index.php?rest_route=\/wp\/v2\/pages"}],"about":[{"href":"https:\/\/lupfer.web-emotions.com\/index.php?rest_route=\/wp\/v2\/types\/page"}],"author":[{"embeddable":true,"href":"https:\/\/lupfer.web-emotions.com\/index.php?rest_route=\/wp\/v2\/users\/1"}],"replies":[{"embeddable":true,"href":"https:\/\/lupfer.web-emotions.com\/index.php?rest_route=%2Fwp%2Fv2%2Fcomments&post=860"}],"version-history":[{"count":7,"href":"https:\/\/lupfer.web-emotions.com\/index.php?rest_route=\/wp\/v2\/pages\/860\/revisions"}],"predecessor-version":[{"id":922,"href":"https:\/\/lupfer.web-emotions.com\/index.php?rest_route=\/wp\/v2\/pages\/860\/revisions\/922"}],"wp:attachment":[{"href":"https:\/\/lupfer.web-emotions.com\/index.php?rest_route=%2Fwp%2Fv2%2Fmedia&parent=860"}],"curies":[{"name":"wp","href":"https:\/\/api.w.org\/{rel}","templated":true}]}}