{"id":841,"date":"2025-11-12T17:37:19","date_gmt":"2025-11-12T16:37:19","guid":{"rendered":"https:\/\/lupfer.web-emotions.com\/?page_id=841"},"modified":"2025-12-04T17:17:58","modified_gmt":"2025-12-04T16:17:58","slug":"markisen","status":"publish","type":"page","link":"https:\/\/lupfer.web-emotions.com\/?page_id=841","title":{"rendered":"Markisen"},"content":{"rendered":"\t\t<div data-elementor-type=\"wp-page\" data-elementor-id=\"841\" class=\"elementor elementor-841\">\n\t\t\t\t<div class=\"elementor-element elementor-element-0301c23 e-flex e-con-boxed e-con e-parent\" data-id=\"0301c23\" data-element_type=\"container\">\n\t\t\t\t\t<div class=\"e-con-inner\">\n\t\t\t\t<div class=\"elementor-element elementor-element-bd25308 elementor-widget elementor-widget-heading\" data-id=\"bd25308\" data-element_type=\"widget\" data-widget_type=\"heading.default\">\n\t\t\t\t\t<h2 class=\"elementor-heading-title elementor-size-default\">Ihr Platz in der Sonne \u2013 gesch\u00fctzt und komfortabel<\/h2>\t\t\t\t<\/div>\n\t\t\t\t\t<\/div>\n\t\t\t\t<\/div>\n\t\t<div class=\"elementor-element elementor-element-8eece21 e-con-full e-flex e-con e-parent\" data-id=\"8eece21\" data-element_type=\"container\">\n\t\t<div class=\"elementor-element elementor-element-05cc26e e-con-full e-flex e-con e-child\" data-id=\"05cc26e\" data-element_type=\"container\">\n\t\t\t\t<\/div>\n\t\t<div class=\"elementor-element elementor-element-5cf59fa e-con-full e-flex e-con e-child\" data-id=\"5cf59fa\" data-element_type=\"container\">\n\t\t\t\t<div class=\"elementor-element elementor-element-8edd96f elementor-widget elementor-widget-image\" data-id=\"8edd96f\" data-element_type=\"widget\" data-widget_type=\"image.default\">\n\t\t\t\t\t\t\t\t\t\t\t\t\t\t\t<img fetchpriority=\"high\" decoding=\"async\" width=\"430\" height=\"231\" src=\"https:\/\/lupfer.web-emotions.com\/wp-content\/uploads\/2025\/12\/Sonnenschutz-Oehringen.jpg\" class=\"attachment-full size-full wp-image-978\" alt=\"\" srcset=\"https:\/\/lupfer.web-emotions.com\/wp-content\/uploads\/2025\/12\/Sonnenschutz-Oehringen.jpg 430w, https:\/\/lupfer.web-emotions.com\/wp-content\/uploads\/2025\/12\/Sonnenschutz-Oehringen-300x161.jpg 300w\" sizes=\"(max-width: 430px) 100vw, 430px\" \/>\t\t\t\t\t\t\t\t\t\t\t\t\t\t\t<\/div>\n\t\t\t\t<div class=\"elementor-element elementor-element-bc493e5 elementor-widget elementor-widget-text-editor\" data-id=\"bc493e5\" data-element_type=\"widget\" data-widget_type=\"text-editor.default\">\n\t\t\t\t\t\t\t\t\t<div style=\"font-family: 'Helvetica Neue', Arial, sans-serif; color: #000000; line-height: 1.6; font-size: 18px; margin: 30px 0;\"><p style=\"margin: 8px 0px; text-align: center;\"><span style=\"color: #28a745; font-weight: bold;\">\u2714\ufe0f<\/span><br \/>Ma\u00dfgefertigte Markisen f\u00fcr Terrasse, Balkon und Gewerbe<\/p><p style=\"margin: 8px 0px; text-align: center;\"><span style=\"color: #28a745; font-weight: bold;\">\u2714\ufe0f<\/span><br \/>Sonnenschutz in vielen Designs und Farben<\/p><p style=\"margin: 8px 0px; text-align: center;\"><span style=\"color: #28a745; font-weight: bold;\">\u2714\ufe0f<\/span><br \/>Pers\u00f6nliche Beratung, Montage und Wartung aus einer Hand<\/p><\/div>\t\t\t\t\t\t\t\t<\/div>\n\t\t\t\t<\/div>\n\t\t<div class=\"elementor-element elementor-element-9c84798 e-con-full e-flex e-con e-child\" data-id=\"9c84798\" data-element_type=\"container\">\n\t\t\t\t<\/div>\n\t\t\t\t<\/div>\n\t\t<div class=\"elementor-element elementor-element-267594a e-flex e-con-boxed e-con e-parent\" data-id=\"267594a\" data-element_type=\"container\">\n\t\t\t\t\t<div class=\"e-con-inner\">\n\t\t\t\t<div class=\"elementor-element elementor-element-211831e elementor-widget elementor-widget-text-editor\" data-id=\"211831e\" data-element_type=\"widget\" data-widget_type=\"text-editor.default\">\n\t\t\t\t\t\t\t\t\t<div style=\"font-family: 'Helvetica Neue', Arial, sans-serif; color: #000000; line-height: 1.6; font-size: 18px; margin: 30px 0; text-align: left;\"><h3 style=\"color: #000000; font-size: 24px; margin-bottom: 10px; font-weight: 600;\">Stilvoller Sonnenschutz f\u00fcr jeden Au\u00dfenbereich<\/h3><p style=\"margin-bottom: 15px;\">Bei <strong>Lober + Scheufler<\/strong> finden Sie Markisen, die Funktion und Design perfekt vereinen.<br \/>Durch unsere Zusammenarbeit mit verschiedenen Partnern bieten wir Ihnen eine gro\u00dfe Auswahl an modernen Systemen,<br \/>die individuell auf Ihre Bed\u00fcrfnisse abgestimmt werden \u2013 egal ob f\u00fcr Terrasse, Balkon oder gewerbliche Au\u00dfenfl\u00e4chen.<\/p><p style=\"margin-bottom: 0;\">Wir beraten Sie pers\u00f6nlich und sorgen daf\u00fcr, dass jede Markise optimal zu Ihrem Zuhause und Ihren Anspr\u00fcchen passt.<\/p><\/div>\t\t\t\t\t\t\t\t<\/div>\n\t\t\t\t\t<\/div>\n\t\t\t\t<\/div>\n\t\t<div class=\"elementor-element elementor-element-5b1dd33 e-flex e-con-boxed e-con e-parent\" data-id=\"5b1dd33\" data-element_type=\"container\">\n\t\t\t\t\t<div class=\"e-con-inner\">\n\t\t<div class=\"elementor-element elementor-element-593c250 e-con-full e-flex e-con e-child\" data-id=\"593c250\" data-element_type=\"container\">\n\t\t\t\t<div class=\"elementor-element elementor-element-a1bd116 elementor-widget elementor-widget-spacer\" data-id=\"a1bd116\" data-element_type=\"widget\" data-widget_type=\"spacer.default\">\n\t\t\t\t\t\t\t<div class=\"elementor-spacer\">\n\t\t\t<div class=\"elementor-spacer-inner\"><\/div>\n\t\t<\/div>\n\t\t\t\t\t\t<\/div>\n\t\t\t\t<div class=\"elementor-element elementor-element-848335a elementor-widget elementor-widget-image\" data-id=\"848335a\" data-element_type=\"widget\" data-widget_type=\"image.default\">\n\t\t\t\t\t\t\t\t\t\t\t\t\t\t\t<img decoding=\"async\" width=\"1024\" height=\"683\" src=\"https:\/\/lupfer.web-emotions.com\/wp-content\/uploads\/2025\/11\/Markisen4-1024x683.jpg\" class=\"attachment-large size-large wp-image-843\" alt=\"\" srcset=\"https:\/\/lupfer.web-emotions.com\/wp-content\/uploads\/2025\/11\/Markisen4-1024x683.jpg 1024w, https:\/\/lupfer.web-emotions.com\/wp-content\/uploads\/2025\/11\/Markisen4-300x200.jpg 300w, https:\/\/lupfer.web-emotions.com\/wp-content\/uploads\/2025\/11\/Markisen4-768x512.jpg 768w, https:\/\/lupfer.web-emotions.com\/wp-content\/uploads\/2025\/11\/Markisen4-1536x1024.jpg 1536w, https:\/\/lupfer.web-emotions.com\/wp-content\/uploads\/2025\/11\/Markisen4.jpg 1659w\" sizes=\"(max-width: 1024px) 100vw, 1024px\" \/>\t\t\t\t\t\t\t\t\t\t\t\t\t\t\t<\/div>\n\t\t\t\t<\/div>\n\t\t<div class=\"elementor-element elementor-element-6f1242d e-con-full e-flex e-con e-child\" data-id=\"6f1242d\" data-element_type=\"container\">\n\t\t\t\t<div class=\"elementor-element elementor-element-bc5dd0e elementor-widget elementor-widget-text-editor\" data-id=\"bc5dd0e\" data-element_type=\"widget\" data-widget_type=\"text-editor.default\">\n\t\t\t\t\t\t\t\t\t<div style=\"font-family: 'Helvetica Neue', Arial, sans-serif; color: #000000; line-height: 1.6; font-size: 18px; margin: 30px 0; text-align: left;\"><h3 style=\"color: #000000; font-size: 24px; margin-bottom: 10px; font-weight: 600;\">Markisen in \u00d6hringen \u2013 Qualit\u00e4t, Komfort und Erfahrung<\/h3><p style=\"margin-bottom: 15px;\">Als erfahrener Fachbetrieb in \u00d6hringen bietet <strong>Lober + Scheufler<\/strong> Ihnen individuelle <strong>Markisenl\u00f6sungen<\/strong> f\u00fcr Sonne, Wind und Wetter.<br \/>Ob Terrassenmarkise, Balkonmarkise oder gewerblicher Sonnenschutz \u2013 wir liefern Qualit\u00e4t, auf die Sie sich verlassen k\u00f6nnen.<\/p><p style=\"margin-bottom: 15px;\">Unsere <strong>Markisen<\/strong> \u00fcberzeugen durch hochwertige Materialien, rei\u00dffeste Stoffe und langlebige Technik.<br \/>Sie sch\u00fctzen zuverl\u00e4ssig vor UV-Strahlung, Hitze und leichtem Regen und schaffen ein angenehmes Klima im Au\u00dfenbereich.<br \/>Mit moderner Bedienungstechnik und vielf\u00e4ltigen Farb- und Designoptionen gestalten Sie Ihren Schattenplatz ganz nach Wunsch.<\/p><p style=\"margin-bottom: 15px;\">Unsere Leistungen rund um <strong>Markisen in \u00d6hringen<\/strong> umfassen Beratung, Verkauf, fachgerechte Montage und regelm\u00e4\u00dfige Wartung.<br \/>So stellen wir sicher, dass Ihre Markise dauerhaft sch\u00f6n und funktional bleibt.<\/p><p style=\"margin-bottom: 0;\">Vertrauen Sie auf die Erfahrung und das handwerkliche K\u00f6nnen von <strong>Lober + Scheufler<\/strong> \u2013 Ihrem Ansprechpartner f\u00fcr<br \/><strong>Sonnenschutz und Markisen in \u00d6hringen und Umgebung<\/strong>.<\/p><\/div>\t\t\t\t\t\t\t\t<\/div>\n\t\t\t\t<\/div>\n\t\t\t\t\t<\/div>\n\t\t\t\t<\/div>\n\t\t\t\t<\/div>\n\t\t","protected":false},"excerpt":{"rendered":"<p>Ihr Platz in der Sonne \u2013 gesch\u00fctzt und komfortabel \u2714\ufe0fMa\u00dfgefertigte Markisen f\u00fcr Terrasse, Balkon und Gewerbe \u2714\ufe0fSonnenschutz in vielen Designs und Farben \u2714\ufe0fPers\u00f6nliche Beratung, Montage und Wartung aus einer Hand Stilvoller Sonnenschutz f\u00fcr jeden Au\u00dfenbereich Bei Lober + Scheufler finden Sie Markisen, die Funktion und Design perfekt vereinen.Durch unsere Zusammenarbeit mit verschiedenen Partnern bieten wir [&hellip;]<\/p>\n","protected":false},"author":1,"featured_media":0,"parent":0,"menu_order":0,"comment_status":"closed","ping_status":"closed","template":"","meta":{"footnotes":""},"class_list":["post-841","page","type-page","status-publish","hentry"],"blocksy_meta":[],"_links":{"self":[{"href":"https:\/\/lupfer.web-emotions.com\/index.php?rest_route=\/wp\/v2\/pages\/841","targetHints":{"allow":["GET"]}}],"collection":[{"href":"https:\/\/lupfer.web-emotions.com\/index.php?rest_route=\/wp\/v2\/pages"}],"about":[{"href":"https:\/\/lupfer.web-emotions.com\/index.php?rest_route=\/wp\/v2\/types\/page"}],"author":[{"embeddable":true,"href":"https:\/\/lupfer.web-emotions.com\/index.php?rest_route=\/wp\/v2\/users\/1"}],"replies":[{"embeddable":true,"href":"https:\/\/lupfer.web-emotions.com\/index.php?rest_route=%2Fwp%2Fv2%2Fcomments&post=841"}],"version-history":[{"count":16,"href":"https:\/\/lupfer.web-emotions.com\/index.php?rest_route=\/wp\/v2\/pages\/841\/revisions"}],"predecessor-version":[{"id":984,"href":"https:\/\/lupfer.web-emotions.com\/index.php?rest_route=\/wp\/v2\/pages\/841\/revisions\/984"}],"wp:attachment":[{"href":"https:\/\/lupfer.web-emotions.com\/index.php?rest_route=%2Fwp%2Fv2%2Fmedia&parent=841"}],"curies":[{"name":"wp","href":"https:\/\/api.w.org\/{rel}","templated":true}]}}