{"id":835,"date":"2025-11-12T17:31:51","date_gmt":"2025-11-12T16:31:51","guid":{"rendered":"https:\/\/lupfer.web-emotions.com\/?page_id=835"},"modified":"2025-11-13T09:31:10","modified_gmt":"2025-11-13T08:31:10","slug":"rolllaeden-und-raffstore","status":"publish","type":"page","link":"https:\/\/lupfer.web-emotions.com\/?page_id=835","title":{"rendered":"Rolll\u00e4den und Raffstore"},"content":{"rendered":"\t\t<div data-elementor-type=\"wp-page\" data-elementor-id=\"835\" class=\"elementor elementor-835\">\n\t\t\t\t<div class=\"elementor-element elementor-element-84d37b5 e-con-full e-flex e-con e-parent\" data-id=\"84d37b5\" data-element_type=\"container\">\n\t\t<div class=\"elementor-element elementor-element-2dfb685 e-con-full e-flex e-con e-child\" data-id=\"2dfb685\" data-element_type=\"container\">\n\t\t\t\t<\/div>\n\t\t<div class=\"elementor-element elementor-element-5be1e3e e-con-full e-flex e-con e-child\" data-id=\"5be1e3e\" data-element_type=\"container\">\n\t\t\t\t<div class=\"elementor-element elementor-element-1fb1f22 elementor-widget elementor-widget-image\" data-id=\"1fb1f22\" data-element_type=\"widget\" data-widget_type=\"image.default\">\n\t\t\t\t\t\t\t\t\t\t\t\t\t\t\t<img fetchpriority=\"high\" decoding=\"async\" width=\"430\" height=\"231\" src=\"https:\/\/lupfer.web-emotions.com\/wp-content\/uploads\/2025\/11\/Rolladen-Oehringen.jpg\" class=\"attachment-2048x2048 size-2048x2048 wp-image-762\" alt=\"\" srcset=\"https:\/\/lupfer.web-emotions.com\/wp-content\/uploads\/2025\/11\/Rolladen-Oehringen.jpg 430w, https:\/\/lupfer.web-emotions.com\/wp-content\/uploads\/2025\/11\/Rolladen-Oehringen-300x161.jpg 300w\" sizes=\"(max-width: 430px) 100vw, 430px\" \/>\t\t\t\t\t\t\t\t\t\t\t\t\t\t\t<\/div>\n\t\t\t\t<div class=\"elementor-element elementor-element-8b66b5c elementor-widget elementor-widget-text-editor\" data-id=\"8b66b5c\" data-element_type=\"widget\" data-widget_type=\"text-editor.default\">\n\t\t\t\t\t\t\t\t\t<div style=\"font-family:'Helvetica Neue', Arial, sans-serif; color:#000000; line-height:1.6; font-size:18px; margin:30px 0;\">\n\n  <p style=\"margin:8px 0;\">\n    <span style=\"color:#28a745; font-weight:bold;\">\u2714\ufe0f<\/span>\n    Ma\u00dfgefertigte Rolll\u00e4den &#038; Raffstores f\u00fcr jedes Zuhause\n  <\/p>\n\n  <p style=\"margin:8px 0;\">\n    <span style=\"color:#28a745; font-weight:bold;\">\u2714\ufe0f<\/span>\n    Schutz vor Sonne, Hitze und neugierigen Blicken\n  <\/p>\n\n  <p style=\"margin:8px 0;\">\n    <span style=\"color:#28a745; font-weight:bold;\">\u2714\ufe0f<\/span>\n    Pers\u00f6nliche Beratung und fachgerechte Montage\n  <\/p>\n\n<\/div>\n\t\t\t\t\t\t\t\t<\/div>\n\t\t\t\t<\/div>\n\t\t<div class=\"elementor-element elementor-element-d246ef4 e-con-full e-flex e-con e-child\" data-id=\"d246ef4\" data-element_type=\"container\">\n\t\t\t\t<\/div>\n\t\t\t\t<\/div>\n\t\t<div class=\"elementor-element elementor-element-4ec8154 e-flex e-con-boxed e-con e-parent\" data-id=\"4ec8154\" data-element_type=\"container\">\n\t\t\t\t\t<div class=\"e-con-inner\">\n\t\t\t\t<div class=\"elementor-element elementor-element-6f180aa elementor-widget elementor-widget-text-editor\" data-id=\"6f180aa\" data-element_type=\"widget\" data-widget_type=\"text-editor.default\">\n\t\t\t\t\t\t\t\t\t<div style=\"font-family: 'Helvetica Neue', Arial, sans-serif; color: #000000; line-height: 1.6; font-size: 18px; margin: 30px 0; text-align: left;\"><h3 style=\"color: #000000; font-size: 24px; margin-bottom: 10px; font-weight: 600;\">Individuelle Auswahl f\u00fcr Ihr Zuhause<\/h3><p style=\"margin-bottom: 15px;\">Bei <strong>Lober + Scheufler<\/strong> profitieren Sie von einer gro\u00dfen Auswahl an Rolll\u00e4den und Raffstores.<\/p><p style=\"margin-bottom: 15px;\">Durch die Zusammenarbeit mit verschiedenen Partnern bieten wir Ihnen L\u00f6sungen, die in Design, Funktion und Komfort perfekt auf Ihre W\u00fcnsche zugeschnitten sind.<\/p><p style=\"margin-bottom: 0;\">So entsteht die Kombination aus Qualit\u00e4t, Erfahrung und Individualit\u00e4t \u2013 ideal abgestimmt auf Ihr Zuhause.<\/p><\/div>\t\t\t\t\t\t\t\t<\/div>\n\t\t\t\t\t<\/div>\n\t\t\t\t<\/div>\n\t\t<div class=\"elementor-element elementor-element-ccb9219 e-flex e-con-boxed e-con e-parent\" data-id=\"ccb9219\" data-element_type=\"container\">\n\t\t\t\t\t<div class=\"e-con-inner\">\n\t\t<div class=\"elementor-element elementor-element-d3800d5 e-con-full e-flex e-con e-child\" data-id=\"d3800d5\" data-element_type=\"container\">\n\t\t\t\t<div class=\"elementor-element elementor-element-cacb3c2 elementor-widget elementor-widget-spacer\" data-id=\"cacb3c2\" data-element_type=\"widget\" data-widget_type=\"spacer.default\">\n\t\t\t\t\t\t\t<div class=\"elementor-spacer\">\n\t\t\t<div class=\"elementor-spacer-inner\"><\/div>\n\t\t<\/div>\n\t\t\t\t\t\t<\/div>\n\t\t\t\t<div class=\"elementor-element elementor-element-f67527b elementor-widget elementor-widget-image\" data-id=\"f67527b\" data-element_type=\"widget\" data-widget_type=\"image.default\">\n\t\t\t\t\t\t\t\t\t\t\t\t\t\t\t<img decoding=\"async\" width=\"2048\" height=\"1362\" src=\"https:\/\/lupfer.web-emotions.com\/wp-content\/uploads\/2025\/11\/53-2048x1362.jpg\" class=\"attachment-2048x2048 size-2048x2048 wp-image-837\" alt=\"\" srcset=\"https:\/\/lupfer.web-emotions.com\/wp-content\/uploads\/2025\/11\/53-2048x1362.jpg 2048w, https:\/\/lupfer.web-emotions.com\/wp-content\/uploads\/2025\/11\/53-300x199.jpg 300w, https:\/\/lupfer.web-emotions.com\/wp-content\/uploads\/2025\/11\/53-1024x681.jpg 1024w, https:\/\/lupfer.web-emotions.com\/wp-content\/uploads\/2025\/11\/53-768x511.jpg 768w, https:\/\/lupfer.web-emotions.com\/wp-content\/uploads\/2025\/11\/53-1536x1021.jpg 1536w\" sizes=\"(max-width: 2048px) 100vw, 2048px\" \/>\t\t\t\t\t\t\t\t\t\t\t\t\t\t\t<\/div>\n\t\t\t\t<\/div>\n\t\t<div class=\"elementor-element elementor-element-fdfa55c e-con-full e-flex e-con e-child\" data-id=\"fdfa55c\" data-element_type=\"container\">\n\t\t\t\t<div class=\"elementor-element elementor-element-b8f4ef8 elementor-widget elementor-widget-text-editor\" data-id=\"b8f4ef8\" data-element_type=\"widget\" data-widget_type=\"text-editor.default\">\n\t\t\t\t\t\t\t\t\t<div style=\"font-family: 'Helvetica Neue', Arial, sans-serif; color: #000000; line-height: 1.6; font-size: 18px; margin: 30px 0; text-align: left;\"><h3 style=\"color: #000000; font-size: 24px; margin-bottom: 10px; font-weight: 600;\">Rolll\u00e4den &amp; Raffstores in \u00d6hringen \u2013 individuell, hochwertig, langlebig<\/h3><p style=\"margin-bottom: 15px;\">Wenn es um <strong>Rolll\u00e4den, Raffstores und Sonnenschutz<\/strong> in \u00d6hringen und Umgebung geht, ist <strong>Lober + Scheufler<\/strong> Ihr erfahrener Ansprechpartner.<br \/>Seit \u00fcber 60 Jahren stehen wir f\u00fcr Qualit\u00e4t, Pr\u00e4zision und zuverl\u00e4ssiges Handwerk.<\/p><p style=\"margin-bottom: 15px;\">Durch die Zusammenarbeit mit verschiedenen Partnern bieten wir Ihnen eine <strong>gro\u00dfe Auswahl an modernen Rollladen- und Raffstore-Systemen<\/strong>.<br \/>Ob Sichtschutz, W\u00e4rmed\u00e4mmung oder Einbruchhemmung \u2013 jedes Produkt wird individuell auf Ihre W\u00fcnsche und die baulichen Gegebenheiten abgestimmt.<\/p><p style=\"margin-bottom: 0;\">So entsteht <strong>ma\u00dfgeschneiderter Sonnenschutz<\/strong> f\u00fcr Fenster und Fassaden, der Funktionalit\u00e4t und Design perfekt vereint.<br \/>Vertrauen Sie auf handwerkliche Erfahrung und pers\u00f6nliche Beratung \u2013 direkt bei <strong>Lober + Scheufler<\/strong> in \u00d6hringen.<\/p><\/div>\t\t\t\t\t\t\t\t<\/div>\n\t\t\t\t<\/div>\n\t\t\t\t\t<\/div>\n\t\t\t\t<\/div>\n\t\t\t\t<\/div>\n\t\t","protected":false},"excerpt":{"rendered":"<p>\u2714\ufe0f Ma\u00dfgefertigte Rolll\u00e4den &#038; Raffstores f\u00fcr jedes Zuhause \u2714\ufe0f Schutz vor Sonne, Hitze und neugierigen Blicken \u2714\ufe0f Pers\u00f6nliche Beratung und fachgerechte Montage Individuelle Auswahl f\u00fcr Ihr Zuhause Bei Lober + Scheufler profitieren Sie von einer gro\u00dfen Auswahl an Rolll\u00e4den und Raffstores. Durch die Zusammenarbeit mit verschiedenen Partnern bieten wir Ihnen L\u00f6sungen, die in Design, Funktion [&hellip;]<\/p>\n","protected":false},"author":1,"featured_media":0,"parent":0,"menu_order":0,"comment_status":"closed","ping_status":"closed","template":"","meta":{"footnotes":""},"class_list":["post-835","page","type-page","status-publish","hentry"],"blocksy_meta":[],"_links":{"self":[{"href":"https:\/\/lupfer.web-emotions.com\/index.php?rest_route=\/wp\/v2\/pages\/835","targetHints":{"allow":["GET"]}}],"collection":[{"href":"https:\/\/lupfer.web-emotions.com\/index.php?rest_route=\/wp\/v2\/pages"}],"about":[{"href":"https:\/\/lupfer.web-emotions.com\/index.php?rest_route=\/wp\/v2\/types\/page"}],"author":[{"embeddable":true,"href":"https:\/\/lupfer.web-emotions.com\/index.php?rest_route=\/wp\/v2\/users\/1"}],"replies":[{"embeddable":true,"href":"https:\/\/lupfer.web-emotions.com\/index.php?rest_route=%2Fwp%2Fv2%2Fcomments&post=835"}],"version-history":[{"count":7,"href":"https:\/\/lupfer.web-emotions.com\/index.php?rest_route=\/wp\/v2\/pages\/835\/revisions"}],"predecessor-version":[{"id":913,"href":"https:\/\/lupfer.web-emotions.com\/index.php?rest_route=\/wp\/v2\/pages\/835\/revisions\/913"}],"wp:attachment":[{"href":"https:\/\/lupfer.web-emotions.com\/index.php?rest_route=%2Fwp%2Fv2%2Fmedia&parent=835"}],"curies":[{"name":"wp","href":"https:\/\/api.w.org\/{rel}","templated":true}]}}