{"id":706,"date":"2022-11-16T21:10:31","date_gmt":"2022-11-16T21:10:31","guid":{"rendered":"https:\/\/startersites.io\/elementor\/photo-studio\/?page_id=706"},"modified":"2025-11-27T08:18:25","modified_gmt":"2025-11-27T07:18:25","slug":"about","status":"publish","type":"page","link":"https:\/\/lupfer.web-emotions.com\/?page_id=706","title":{"rendered":"Das Team"},"content":{"rendered":"\t\t<div data-elementor-type=\"wp-page\" data-elementor-id=\"706\" class=\"elementor elementor-706\">\n\t\t\t\t<div class=\"elementor-element elementor-element-f2eb0d6 e-flex e-con-boxed e-con e-parent\" data-id=\"f2eb0d6\" data-element_type=\"container\" data-settings=\"{&quot;background_background&quot;:&quot;classic&quot;}\">\n\t\t\t\t\t<div class=\"e-con-inner\">\n\t\t<div class=\"elementor-element elementor-element-a0b40b5 e-con-full e-flex e-con e-child\" data-id=\"a0b40b5\" data-element_type=\"container\">\n\t\t\t\t<\/div>\n\t\t\t\t\t<\/div>\n\t\t\t\t<\/div>\n\t\t<div class=\"elementor-element elementor-element-49689ff e-flex e-con-boxed e-con e-parent\" data-id=\"49689ff\" data-element_type=\"container\">\n\t\t\t\t\t<div class=\"e-con-inner\">\n\t\t<div class=\"elementor-element elementor-element-975d6a7 e-con-full e-flex e-con e-child\" data-id=\"975d6a7\" data-element_type=\"container\">\n\t\t\t\t<div class=\"elementor-element elementor-element-c5afa93 elementor-widget elementor-widget-image\" data-id=\"c5afa93\" data-element_type=\"widget\" data-widget_type=\"image.default\">\n\t\t\t\t\t\t\t\t\t\t\t\t\t\t\t<img fetchpriority=\"high\" decoding=\"async\" width=\"768\" height=\"512\" src=\"https:\/\/lupfer.web-emotions.com\/wp-content\/uploads\/2025\/11\/DSC01016-768x512.jpg\" class=\"attachment-medium_large size-medium_large wp-image-782\" alt=\"\" srcset=\"https:\/\/lupfer.web-emotions.com\/wp-content\/uploads\/2025\/11\/DSC01016-768x512.jpg 768w, https:\/\/lupfer.web-emotions.com\/wp-content\/uploads\/2025\/11\/DSC01016-300x200.jpg 300w, https:\/\/lupfer.web-emotions.com\/wp-content\/uploads\/2025\/11\/DSC01016.jpg 1024w\" sizes=\"(max-width: 768px) 100vw, 768px\" \/>\t\t\t\t\t\t\t\t\t\t\t\t\t\t\t<\/div>\n\t\t\t\t<\/div>\n\t\t<div class=\"elementor-element elementor-element-4804ecf e-con-full e-flex e-con e-child\" data-id=\"4804ecf\" data-element_type=\"container\" data-settings=\"{&quot;background_background&quot;:&quot;classic&quot;}\">\n\t\t\t\t<div class=\"elementor-element elementor-element-a6fe398 elementor-widget elementor-widget-heading\" data-id=\"a6fe398\" data-element_type=\"widget\" data-widget_type=\"heading.default\">\n\t\t\t\t\t<h2 class=\"elementor-heading-title elementor-size-default\">Das Team<\/h2>\t\t\t\t<\/div>\n\t\t\t\t<div class=\"elementor-element elementor-element-c485fa2 elementor-widget elementor-widget-text-editor\" data-id=\"c485fa2\" data-element_type=\"widget\" data-widget_type=\"text-editor.default\">\n\t\t\t\t\t\t\t\t\t<p><strong>Lober + Scheufler GmbH<\/strong><\/p>\t\t\t\t\t\t\t\t<\/div>\n\t\t\t\t<div class=\"elementor-element elementor-element-9e53d4a elementor-widget elementor-widget-text-editor\" data-id=\"9e53d4a\" data-element_type=\"widget\" data-widget_type=\"text-editor.default\">\n\t\t\t\t\t\t\t\t\t<p>Seit \u00fcber 60 Jahren verbindet unser Team traditionelles Handwerk mit moderner Technik \u2013 mit Herzblut, Erfahrung und dem Anspruch, in jedem Detail Qualit\u00e4t zu liefern. Wir stehen f\u00fcr Zuverl\u00e4ssigkeit, Pr\u00e4zision und echte Werte, die man sp\u00fcrt.<\/p>\t\t\t\t\t\t\t\t<\/div>\n\t\t\t\t<\/div>\n\t\t\t\t\t<\/div>\n\t\t\t\t<\/div>\n\t\t<div class=\"elementor-element elementor-element-71b091d e-flex e-con-boxed e-con e-parent\" data-id=\"71b091d\" data-element_type=\"container\">\n\t\t\t\t\t<div class=\"e-con-inner\">\n\t\t<div class=\"elementor-element elementor-element-3b4caac e-con-full e-flex e-con e-child\" data-id=\"3b4caac\" data-element_type=\"container\">\n\t\t\t\t<div class=\"elementor-element elementor-element-6ffb9d8 elementor-position-top elementor-widget elementor-widget-image-box\" data-id=\"6ffb9d8\" data-element_type=\"widget\" data-widget_type=\"image-box.default\">\n\t\t\t\t\t<div class=\"elementor-image-box-wrapper\"><figure class=\"elementor-image-box-img\"><img decoding=\"async\" width=\"614\" height=\"768\" src=\"https:\/\/lupfer.web-emotions.com\/wp-content\/uploads\/2025\/11\/DSC01037.jpg\" class=\"attachment-full size-full wp-image-793\" alt=\"\" srcset=\"https:\/\/lupfer.web-emotions.com\/wp-content\/uploads\/2025\/11\/DSC01037.jpg 614w, https:\/\/lupfer.web-emotions.com\/wp-content\/uploads\/2025\/11\/DSC01037-240x300.jpg 240w\" sizes=\"(max-width: 614px) 100vw, 614px\" \/><\/figure><\/div>\t\t\t\t<\/div>\n\t\t\t\t<div class=\"elementor-element elementor-element-1d7c730 elementor-widget elementor-widget-heading\" data-id=\"1d7c730\" data-element_type=\"widget\" data-widget_type=\"heading.default\">\n\t\t\t\t\t<h3 class=\"elementor-heading-title elementor-size-default\">Ralf Scheufler<\/h3>\t\t\t\t<\/div>\n\t\t\t\t<div class=\"elementor-element elementor-element-556fa43 elementor-widget elementor-widget-spacer\" data-id=\"556fa43\" data-element_type=\"widget\" data-widget_type=\"spacer.default\">\n\t\t\t\t\t\t\t<div class=\"elementor-spacer\">\n\t\t\t<div class=\"elementor-spacer-inner\"><\/div>\n\t\t<\/div>\n\t\t\t\t\t\t<\/div>\n\t\t\t\t<div class=\"elementor-element elementor-element-b12a1d6 elementor-widget elementor-widget-text-editor\" data-id=\"b12a1d6\" data-element_type=\"widget\" data-widget_type=\"text-editor.default\">\n\t\t\t\t\t\t\t\t\t<div style=\"color: #000000; font-family: 'Helvetica Neue', Arial, sans-serif; line-height: 1.6; text-align: center;\">\n<h3 style=\"color: #000000; font-size: 24px; margin-bottom: 10px;\">Gesch\u00e4ftsf\u00fchrer<\/h3>\n<p style=\"font-size: 18px; margin: 5px 0;\"><a style=\"color: #000000; text-decoration: none;\" href=\"mailto:info@lober-scheufler.de\">\n\u2709\ufe0f info@lober-scheufler.de\n<\/a><\/p>\n<p style=\"font-size: 18px; margin: 5px 0;\"><a style=\"color: #000000; text-decoration: none;\" href=\"tel:+49794161122\">\n\u260e\ufe0f 07941 \/ 61122\n<\/a><\/p>\n\n<\/div>\t\t\t\t\t\t\t\t<\/div>\n\t\t\t\t<\/div>\n\t\t<div class=\"elementor-element elementor-element-1baef84 e-con-full e-flex e-con e-child\" data-id=\"1baef84\" data-element_type=\"container\">\n\t\t\t\t<div class=\"elementor-element elementor-element-e5dda89 elementor-position-top elementor-widget elementor-widget-image-box\" data-id=\"e5dda89\" data-element_type=\"widget\" data-widget_type=\"image-box.default\">\n\t\t\t\t\t<div class=\"elementor-image-box-wrapper\"><figure class=\"elementor-image-box-img\"><img decoding=\"async\" width=\"614\" height=\"768\" src=\"https:\/\/lupfer.web-emotions.com\/wp-content\/uploads\/2025\/11\/DSC01032.jpg\" class=\"attachment-full size-full wp-image-794\" alt=\"\" srcset=\"https:\/\/lupfer.web-emotions.com\/wp-content\/uploads\/2025\/11\/DSC01032.jpg 614w, https:\/\/lupfer.web-emotions.com\/wp-content\/uploads\/2025\/11\/DSC01032-240x300.jpg 240w\" sizes=\"(max-width: 614px) 100vw, 614px\" \/><\/figure><\/div>\t\t\t\t<\/div>\n\t\t\t\t<div class=\"elementor-element elementor-element-1eaee20 elementor-widget elementor-widget-heading\" data-id=\"1eaee20\" data-element_type=\"widget\" data-widget_type=\"heading.default\">\n\t\t\t\t\t<h3 class=\"elementor-heading-title elementor-size-default\">Carmen Scheufler<\/h3>\t\t\t\t<\/div>\n\t\t\t\t<div class=\"elementor-element elementor-element-0b60e43 elementor-widget elementor-widget-spacer\" data-id=\"0b60e43\" data-element_type=\"widget\" data-widget_type=\"spacer.default\">\n\t\t\t\t\t\t\t<div class=\"elementor-spacer\">\n\t\t\t<div class=\"elementor-spacer-inner\"><\/div>\n\t\t<\/div>\n\t\t\t\t\t\t<\/div>\n\t\t\t\t<div class=\"elementor-element elementor-element-7183b63 elementor-widget elementor-widget-text-editor\" data-id=\"7183b63\" data-element_type=\"widget\" data-widget_type=\"text-editor.default\">\n\t\t\t\t\t\t\t\t\t<div style=\"color: #000000; font-family: 'Helvetica Neue', Arial, sans-serif; line-height: 1.6; text-align: center;\">\n<h3 style=\"color: #000000; font-size: 24px; margin-bottom: 10px;\">Rechnungen | Angebote<\/h3>\n<p style=\"font-size: 18px; margin: 5px 0;\"><a style=\"color: #000000; text-decoration: none;\" href=\"mailto:info@lober-scheufler.de\">\n\u2709\ufe0f info@lober-scheufler.de\n<\/a><\/p>\n<p style=\"font-size: 18px; margin: 5px 0;\"><a style=\"color: #000000; text-decoration: none;\" href=\"tel:+49794161122\">\n\u260e\ufe0f 07941 \/ 61122\n<\/a><\/p>\n\n<\/div>\t\t\t\t\t\t\t\t<\/div>\n\t\t\t\t<\/div>\n\t\t<div class=\"elementor-element elementor-element-fc21abd e-con-full e-flex e-con e-child\" data-id=\"fc21abd\" data-element_type=\"container\">\n\t\t\t\t<div class=\"elementor-element elementor-element-bf6e9db elementor-position-top elementor-widget elementor-widget-image-box\" data-id=\"bf6e9db\" data-element_type=\"widget\" data-widget_type=\"image-box.default\">\n\t\t\t\t\t<div class=\"elementor-image-box-wrapper\"><figure class=\"elementor-image-box-img\"><img loading=\"lazy\" decoding=\"async\" width=\"614\" height=\"768\" src=\"https:\/\/lupfer.web-emotions.com\/wp-content\/uploads\/2025\/11\/DSC01030.jpg\" class=\"attachment-full size-full wp-image-795\" alt=\"\" srcset=\"https:\/\/lupfer.web-emotions.com\/wp-content\/uploads\/2025\/11\/DSC01030.jpg 614w, https:\/\/lupfer.web-emotions.com\/wp-content\/uploads\/2025\/11\/DSC01030-240x300.jpg 240w\" sizes=\"(max-width: 614px) 100vw, 614px\" \/><\/figure><\/div>\t\t\t\t<\/div>\n\t\t\t\t<div class=\"elementor-element elementor-element-5d7b215 elementor-widget elementor-widget-heading\" data-id=\"5d7b215\" data-element_type=\"widget\" data-widget_type=\"heading.default\">\n\t\t\t\t\t<h3 class=\"elementor-heading-title elementor-size-default\">Carla Langner<\/h3>\t\t\t\t<\/div>\n\t\t\t\t<div class=\"elementor-element elementor-element-bbff898 elementor-widget elementor-widget-spacer\" data-id=\"bbff898\" data-element_type=\"widget\" data-widget_type=\"spacer.default\">\n\t\t\t\t\t\t\t<div class=\"elementor-spacer\">\n\t\t\t<div class=\"elementor-spacer-inner\"><\/div>\n\t\t<\/div>\n\t\t\t\t\t\t<\/div>\n\t\t\t\t<div class=\"elementor-element elementor-element-f4a95f0 elementor-widget elementor-widget-text-editor\" data-id=\"f4a95f0\" data-element_type=\"widget\" data-widget_type=\"text-editor.default\">\n\t\t\t\t\t\t\t\t\t<div style=\"color: #000000; font-family: 'Helvetica Neue', Arial, sans-serif; line-height: 1.6; text-align: center;\">\n<h3 style=\"color: #000000; font-size: 24px; margin-bottom: 10px;\">Terminvergabe<\/h3>\n<p style=\"font-size: 18px; margin: 5px 0;\"><a style=\"color: #000000; text-decoration: none;\" href=\"mailto:info@lober-scheufler.de\">\n\u2709\ufe0f info@lober-scheufler.de\n<\/a><\/p>\n<p style=\"font-size: 18px; margin: 5px 0;\"><a style=\"color: #000000; text-decoration: none;\" href=\"tel:+49794161122\">\n\u260e\ufe0f 07941 \/ 61122\n<\/a><\/p>\n\n<\/div>\t\t\t\t\t\t\t\t<\/div>\n\t\t\t\t<div class=\"elementor-element elementor-element-4204a95 elementor-widget elementor-widget-spacer\" data-id=\"4204a95\" data-element_type=\"widget\" data-widget_type=\"spacer.default\">\n\t\t\t\t\t\t\t<div class=\"elementor-spacer\">\n\t\t\t<div class=\"elementor-spacer-inner\"><\/div>\n\t\t<\/div>\n\t\t\t\t\t\t<\/div>\n\t\t\t\t<\/div>\n\t\t<div class=\"elementor-element elementor-element-8ea95a9 e-con-full e-flex e-con e-child\" data-id=\"8ea95a9\" data-element_type=\"container\">\n\t\t\t\t<div class=\"elementor-element elementor-element-5bae63b elementor-position-top elementor-widget elementor-widget-image-box\" data-id=\"5bae63b\" data-element_type=\"widget\" data-widget_type=\"image-box.default\">\n\t\t\t\t\t<div class=\"elementor-image-box-wrapper\"><figure class=\"elementor-image-box-img\"><img loading=\"lazy\" decoding=\"async\" width=\"614\" height=\"768\" src=\"https:\/\/lupfer.web-emotions.com\/wp-content\/uploads\/2025\/11\/DSC01028.jpg\" class=\"attachment-full size-full wp-image-796\" alt=\"\" srcset=\"https:\/\/lupfer.web-emotions.com\/wp-content\/uploads\/2025\/11\/DSC01028.jpg 614w, https:\/\/lupfer.web-emotions.com\/wp-content\/uploads\/2025\/11\/DSC01028-240x300.jpg 240w\" sizes=\"(max-width: 614px) 100vw, 614px\" \/><\/figure><\/div>\t\t\t\t<\/div>\n\t\t\t\t<div class=\"elementor-element elementor-element-be2b0a8 elementor-widget elementor-widget-heading\" data-id=\"be2b0a8\" data-element_type=\"widget\" data-widget_type=\"heading.default\">\n\t\t\t\t\t<h3 class=\"elementor-heading-title elementor-size-default\">Hans Kirr<\/h3>\t\t\t\t<\/div>\n\t\t\t\t<div class=\"elementor-element elementor-element-1a9da10 elementor-widget elementor-widget-spacer\" data-id=\"1a9da10\" data-element_type=\"widget\" data-widget_type=\"spacer.default\">\n\t\t\t\t\t\t\t<div class=\"elementor-spacer\">\n\t\t\t<div class=\"elementor-spacer-inner\"><\/div>\n\t\t<\/div>\n\t\t\t\t\t\t<\/div>\n\t\t\t\t<div class=\"elementor-element elementor-element-f03c9b5 elementor-widget elementor-widget-text-editor\" data-id=\"f03c9b5\" data-element_type=\"widget\" data-widget_type=\"text-editor.default\">\n\t\t\t\t\t\t\t\t\t<div style=\"color: #000000; font-family: 'Helvetica Neue', Arial, sans-serif; line-height: 1.6; text-align: center;\">\n<h3 style=\"color: #000000; font-size: 24px; margin-bottom: 10px;\">Beratung  |Aufma\u00df<\/h3>\n<p style=\"font-size: 18px; margin: 5px 0;\"><a style=\"color: #000000; text-decoration: none;\" href=\"mailto:info@lober-scheufler.de\">\n\u2709\ufe0f info@lober-scheufler.de\n<\/a><\/p>\n<p style=\"font-size: 18px; margin: 5px 0;\"><a style=\"color: #000000; text-decoration: none;\" href=\"tel:+49794161122\">\n\u260e\ufe0f 07941 \/ 61122\n<\/a><\/p>\n\n<\/div>\t\t\t\t\t\t\t\t<\/div>\n\t\t\t\t<div class=\"elementor-element elementor-element-6ee1e02 elementor-widget elementor-widget-spacer\" data-id=\"6ee1e02\" data-element_type=\"widget\" data-widget_type=\"spacer.default\">\n\t\t\t\t\t\t\t<div class=\"elementor-spacer\">\n\t\t\t<div class=\"elementor-spacer-inner\"><\/div>\n\t\t<\/div>\n\t\t\t\t\t\t<\/div>\n\t\t\t\t<\/div>\n\t\t\t\t\t<\/div>\n\t\t\t\t<\/div>\n\t\t<div class=\"elementor-element elementor-element-f7c0672 e-flex e-con-boxed e-con e-parent\" data-id=\"f7c0672\" data-element_type=\"container\">\n\t\t\t\t\t<div class=\"e-con-inner\">\n\t\t\t\t\t<\/div>\n\t\t\t\t<\/div>\n\t\t\t\t<\/div>\n\t\t","protected":false},"excerpt":{"rendered":"<p>Das Team Lober + Scheufler GmbH Seit \u00fcber 60 Jahren verbindet unser Team traditionelles Handwerk mit moderner Technik \u2013 mit Herzblut, Erfahrung und dem Anspruch, in jedem Detail Qualit\u00e4t zu liefern. Wir stehen f\u00fcr Zuverl\u00e4ssigkeit, Pr\u00e4zision und echte Werte, die man sp\u00fcrt. Ralf Scheufler Gesch\u00e4ftsf\u00fchrer \u2709\ufe0f info@lober-scheufler.de \u260e\ufe0f 07941 \/ 61122 Carmen Scheufler Rechnungen | [&hellip;]<\/p>\n","protected":false},"author":1,"featured_media":0,"parent":0,"menu_order":0,"comment_status":"closed","ping_status":"closed","template":"","meta":{"footnotes":""},"class_list":["post-706","page","type-page","status-publish","hentry"],"blocksy_meta":{"page_title_panel":"","has_hero_section":"enabled","da7a78337464ae346af2bb1b3950828a":"","hero_section":"type-1","hero_elements":[{"id":"custom_title","enabled":true,"heading_tag":"h1","title":"Home"},{"id":"custom_description","enabled":true,"description_visibility":{"desktop":true,"tablet":true,"mobile":false}},{"id":"custom_meta","enabled":false,"meta_elements":[{"id":"author","enabled":true,"label":"By","has_author_avatar":"yes","avatar_size":25},{"id":"post_date","enabled":true,"label":"On","date_format_source":"default","date_format":"M j, Y"},{"id":"updated_date","enabled":false,"label":"On","date_format_source":"default","date_format":"M j, Y"},{"id":"categories","enabled":false,"label":"In","style":"simple"},{"id":"comments","enabled":true}],"page_meta_elements":{"joined":true,"articles_count":true,"comments":true}},{"id":"breadcrumbs","enabled":false}],"7a0a987a00944aac8d1821345babdcc1":"","hero_alignment1":"CT_CSS_SKIP_RULE","hero_margin":40,"hero_alignment2":"center","hero_vertical_alignment":"center","b95d2d873142337528c19ad49a078ba2":"","hero_structure":"narrow","dc7cd05ba1d6151924a41e43ebf1d09c":"","page_title_bg_type":"featured_image","custom_hero_background":{"attachment_id":null},"page_title_image_size":"full","parallax":{"desktop":false,"tablet":false,"mobile":false},"757ffe7c04742a82aa4c244eda39e0a1":"","hero_height":"250px","pageTitleFont":{"family":"Default","variation":"Default","size":"30px","line-height":"CT_CSS_SKIP_RULE","letter-spacing":"CT_CSS_SKIP_RULE","text-transform":"CT_CSS_SKIP_RULE","text-decoration":"CT_CSS_SKIP_RULE"},"pageTitleFontColor":{"default":{"color":"CT_CSS_SKIP_RULEDEFAULT"}},"pageMetaFont":{"family":"Default","variation":"n6","size":"12px","line-height":"1.3","letter-spacing":"CT_CSS_SKIP_RULE","text-transform":"uppercase","text-decoration":"CT_CSS_SKIP_RULE"},"pageMetaFontColor":{"default":{"color":"CT_CSS_SKIP_RULEDEFAULT"},"hover":{"color":"CT_CSS_SKIP_RULEDEFAULT"}},"page_meta_button_type_font_colors":{"default":{"color":"CT_CSS_SKIP_RULEDEFAULT"},"hover":{"color":"CT_CSS_SKIP_RULEDEFAULT"}},"page_meta_button_type_background_colors":{"default":{"color":"CT_CSS_SKIP_RULEDEFAULT"},"hover":{"color":"CT_CSS_SKIP_RULEDEFAULT"}},"pageExcerptFont":{"family":"Default","variation":"Default","size":"CT_CSS_SKIP_RULE","line-height":"CT_CSS_SKIP_RULE","letter-spacing":"CT_CSS_SKIP_RULE","text-transform":"CT_CSS_SKIP_RULE","text-decoration":"CT_CSS_SKIP_RULE"},"pageExcerptColor":{"default":{"color":"CT_CSS_SKIP_RULEDEFAULT"}},"breadcrumbsFont":{"family":"Default","variation":"Default","size":"CT_CSS_SKIP_RULE","line-height":"CT_CSS_SKIP_RULE","letter-spacing":"CT_CSS_SKIP_RULE","text-transform":"CT_CSS_SKIP_RULE","text-decoration":"CT_CSS_SKIP_RULE"},"breadcrumbsFontColor":{"default":{"color":"CT_CSS_SKIP_RULEDEFAULT"},"initial":{"color":"CT_CSS_SKIP_RULEDEFAULT"},"hover":{"color":"CT_CSS_SKIP_RULEDEFAULT"}},"pageTitleOverlay":{"background_type":"color","background_pattern":"type-1","background_image":{"attachment_id":null,"x":0,"y":0},"gradient":"linear-gradient(135deg,rgba(6,147,227,1) 0%,rgb(155,81,224) 100%)","background_repeat":"repeat","background_size":"auto","background_attachment":"scroll","patternColor":{"default":{"color":"#e5e7ea"}},"overlayColor":{"default":{"color":"CT_CSS_SKIP_RULE"}},"backgroundColor":{"default":{"color":"CT_CSS_SKIP_RULE"}}},"pageTitleBackground":{"background_type":"color","background_pattern":"type-1","background_image":{"attachment_id":null,"x":0,"y":0},"gradient":"linear-gradient(135deg,rgba(6,147,227,1) 0%,rgb(155,81,224) 100%)","background_repeat":"repeat","background_size":"auto","background_attachment":"scroll","patternColor":{"default":{"color":"#e5e7ea"}},"overlayColor":{"default":{"color":"CT_CSS_SKIP_RULE"}},"backgroundColor":{"default":{"color":"var(--theme-palette-color-6)"}}},"pageTitlePadding":{"top":"50px","bottom":"50px","left":"auto","right":"auto","linked":true},"b24ac5b792b148c11a6c70da46c29ed3":"","page_structure_type":"default","9a7617dee84785aef869931d2843949a":"","content_style_source":"custom","content_style":"wide","vertical_spacing_source":"custom","content_area_spacing":"none","background":{"background_type":"color","background_pattern":"type-1","background_image":{"attachment_id":null,"x":0,"y":0},"gradient":"linear-gradient(135deg,rgba(6,147,227,1) 0%,rgb(155,81,224) 100%)","background_repeat":"repeat","background_size":"auto","background_attachment":"scroll","patternColor":{"default":{"color":"#e5e7ea"}},"overlayColor":{"default":{"color":"CT_CSS_SKIP_RULE"}},"backgroundColor":{"default":{"color":"CT_CSS_SKIP_RULE"}}},"content_background":{"background_type":"color","background_pattern":"type-1","background_image":{"attachment_id":null,"x":0,"y":0},"gradient":"linear-gradient(135deg,rgba(6,147,227,1) 0%,rgb(155,81,224) 100%)","background_repeat":"repeat","background_size":"auto","background_attachment":"scroll","patternColor":{"default":{"color":"#e5e7ea"}},"overlayColor":{"default":{"color":"CT_CSS_SKIP_RULE"}},"backgroundColor":{"default":{"color":"var(--theme-palette-color-8)"}}},"content_boxed_shadow":{"inherit":false,"blur":18,"spread":-6,"v_offset":12,"h_offset":0,"inset":false,"enable":true,"color":{"color":"rgba(34, 56, 101, 0.04)"}},"content_boxed_border":{"width":1,"style":"none","color":{"color":"rgba(44,62,80,0.2)"}},"content_boxed_radius":{"top":"3px","bottom":"3px","left":"3px","right":"3px","linked":true},"boxed_content_spacing":{"desktop":{"top":"40px","bottom":"40px","left":"40px","right":"40px","linked":true},"tablet":{"top":"35px","bottom":"35px","left":"35px","right":"35px","linked":true},"mobile":{"top":"20px","bottom":"20px","left":"20px","right":"20px","linked":true}},"c12008a9b20d2ccb47a110975e95b336":"","disable_featured_image":"no","disable_share_box":"no","disable_header":"no","disable_footer":"no","styles_descriptor":{"styles":{"desktop":"[data-prefix=\"single_page\"] .entry-header .page-title {--theme-font-size:30px;} [data-prefix=\"single_page\"] .entry-header .entry-meta {--theme-font-weight:600;--theme-text-transform:uppercase;--theme-font-size:12px;--theme-line-height:1.3;} [data-prefix=\"single_page\"] .hero-section[data-type=\"type-1\"] {--margin-bottom:40px;} [data-prefix=\"single_page\"] [class*=\"ct-container\"] > article[class*=\"post\"] {--has-boxed:var(--false);--has-wide:var(--true);}","tablet":"","mobile":""},"google_fonts":[],"version":6}},"_links":{"self":[{"href":"https:\/\/lupfer.web-emotions.com\/index.php?rest_route=\/wp\/v2\/pages\/706","targetHints":{"allow":["GET"]}}],"collection":[{"href":"https:\/\/lupfer.web-emotions.com\/index.php?rest_route=\/wp\/v2\/pages"}],"about":[{"href":"https:\/\/lupfer.web-emotions.com\/index.php?rest_route=\/wp\/v2\/types\/page"}],"author":[{"embeddable":true,"href":"https:\/\/lupfer.web-emotions.com\/index.php?rest_route=\/wp\/v2\/users\/1"}],"replies":[{"embeddable":true,"href":"https:\/\/lupfer.web-emotions.com\/index.php?rest_route=%2Fwp%2Fv2%2Fcomments&post=706"}],"version-history":[{"count":13,"href":"https:\/\/lupfer.web-emotions.com\/index.php?rest_route=\/wp\/v2\/pages\/706\/revisions"}],"predecessor-version":[{"id":950,"href":"https:\/\/lupfer.web-emotions.com\/index.php?rest_route=\/wp\/v2\/pages\/706\/revisions\/950"}],"wp:attachment":[{"href":"https:\/\/lupfer.web-emotions.com\/index.php?rest_route=%2Fwp%2Fv2%2Fmedia&parent=706"}],"curies":[{"name":"wp","href":"https:\/\/api.w.org\/{rel}","templated":true}]}}